{"id":11709,"date":"2017-02-08T16:46:21","date_gmt":"2017-02-08T15:46:21","guid":{"rendered":"https:\/\/presserat.ch\/der-presserat\/finanzierung\/"},"modified":"2025-01-07T17:23:01","modified_gmt":"2025-01-07T16:23:01","slug":"finanzierung","status":"publish","type":"page","link":"https:\/\/presserat.ch\/rm\/der-presserat\/finanzierung\/","title":{"rendered":"Finanzierung"},"content":{"rendered":"\n<p>Die Stiftungstr\u00e4ger finanzieren die Arbeit des Presserats mit j\u00e4hrlichen Beitr\u00e4gen. Die Beitr\u00e4ge im \u00dcberblick:<\/p>\n\n\n\n<ul class=\"wp-block-list\">\n<li>Impressum 48 000 Fr.<\/li>\n\n\n\n<li>SSM 36 000 Fr.<\/li>\n\n\n\n<li>Syndicom 24 000 Fr.<\/li>\n\n\n\n<li>Verein \u00abKonferenz der Chefredaktoren\u00bb 36 000 Fr.<\/li>\n\n\n\n<li>Verband \u00abSchweizer Medien\u00bb 36 000 Fr.<\/li>\n\n\n\n<li>SRG 36 000 Fr.<\/li>\n<\/ul>\n\n\n\n<p><\/p>\n\n\n\n<p>Zus\u00e4tzlich unterst\u00fctzt Ringier Medien Schweiz den Presserat j\u00e4hrlich mit 30 000 Franken.<\/p>\n\n\n\n<p>2024 wird er zudem von folgenden Institutionen direkt unterst\u00fctzt: BAKOM, Volkart Stiftung sowie der Fondation Leenards.<\/p>\n\n\n\n<p><strong>Zuwendungen an den G<a href=\"https:\/\/presserat.ch\/goennerverein\/\">\u00f6nnerverein Schweizer Presserat <\/a>sind sehr willkommen. <\/strong><\/p>\n\n\n\n<p><strong>Einzahlungen auf CH31 0900 0000 1626 2299 8 (G\u00f6nnerverein Schweizer Presserat)<br><\/strong><\/p>\n\n\n\n<p><\/p>\n","protected":false},"excerpt":{"rendered":"<p>Die Stiftungstr\u00e4ger finanzieren die Arbeit des Presserats mit j\u00e4hrlichen Beitr\u00e4gen. Die Beitr\u00e4ge im \u00dcberblick: Zus\u00e4tzlich unterst\u00fctzt Ringier Medien Schweiz den Presserat j\u00e4hrlich mit 30 000 Franken. 2024 wird er zudem von folgenden Institutionen direkt unterst\u00fctzt: BAKOM, Volkart Stiftung sowie der Fondation Leenards. Zuwendungen an den G\u00f6nnerverein Schweizer Presserat sind sehr willkommen. Einzahlungen auf CH31 0900 &hellip; <a href=\"https:\/\/presserat.ch\/rm\/der-presserat\/finanzierung\/\">Continued<\/a><\/p>\n","protected":false},"author":1,"featured_media":0,"parent":11681,"menu_order":0,"comment_status":"closed","ping_status":"closed","template":"","meta":{"footnotes":""},"class_list":["post-11709","page","type-page","status-publish","hentry"],"_links":{"self":[{"href":"https:\/\/presserat.ch\/rm\/wp-json\/wp\/v2\/pages\/11709","targetHints":{"allow":["GET"]}}],"collection":[{"href":"https:\/\/presserat.ch\/rm\/wp-json\/wp\/v2\/pages"}],"about":[{"href":"https:\/\/presserat.ch\/rm\/wp-json\/wp\/v2\/types\/page"}],"author":[{"embeddable":true,"href":"https:\/\/presserat.ch\/rm\/wp-json\/wp\/v2\/users\/1"}],"replies":[{"embeddable":true,"href":"https:\/\/presserat.ch\/rm\/wp-json\/wp\/v2\/comments?post=11709"}],"version-history":[{"count":12,"href":"https:\/\/presserat.ch\/rm\/wp-json\/wp\/v2\/pages\/11709\/revisions"}],"predecessor-version":[{"id":19243,"href":"https:\/\/presserat.ch\/rm\/wp-json\/wp\/v2\/pages\/11709\/revisions\/19243"}],"up":[{"embeddable":true,"href":"https:\/\/presserat.ch\/rm\/wp-json\/wp\/v2\/pages\/11681"}],"wp:attachment":[{"href":"https:\/\/presserat.ch\/rm\/wp-json\/wp\/v2\/media?parent=11709"}],"curies":[{"name":"wp","href":"https:\/\/api.w.org\/{rel}","templated":true}]}}