{"id":11705,"date":"2017-04-05T14:26:40","date_gmt":"2017-04-05T12:26:40","guid":{"rendered":"https:\/\/presserat.ch\/der-presserat\/aufgaben\/"},"modified":"2026-02-09T11:10:44","modified_gmt":"2026-02-09T10:10:44","slug":"aufgaben","status":"publish","type":"page","link":"https:\/\/presserat.ch\/rm\/der-presserat\/aufgaben\/","title":{"rendered":"Unser Angebot"},"content":{"rendered":"<p>Der Schweizer Presserat dient Publikum und Medienschaffenden als Beschwerdeinstanz. Er wacht \u00fcber die Einhaltung des f\u00fcr alle Journalisten g\u00fcltigen Journalistenkodex, der \u00abErkl\u00e4rung der Pflichten und Rechte der Journalistinnen und Journalisten\u00bb. Der Presserat nimmt auf Beschwerde hin oder von sich aus Stellung zur journalistischen Berufsethik. Beschweren kann sich jedermann. F\u00fcr Privatpersonen betr\u00e4gt die Bearbeitungsgeb\u00fchr 100 Franken. F\u00fcr die zweite Beschwerde innerhalb eines Kalenderjahres betr\u00e4gt diese 200 Franken, f\u00fcr die dritte Beschwerde 500 Franken, ab der vierten werden 1000 Franken in Rechnung gestellt. Beschwerdef\u00fchrerinnen und Beschwerdef\u00fchrern, die sich anwaltlich vertreten lassen, sowie Organisationen, Unternehmen und Institutionen wird eine Kostenbeteiligung von 1000 Franken in Rechnung gestellt.<sup>\u00a0<\/sup>Das Gremium urteilt dabei auf Grund des Kodex sowie der von ihm erlassenen Richtlinien. Im Entscheid beurteilt und begr\u00fcndet der Presserat, ob und warum ein journalistischer Bericht in Presse, Radio, Fernsehen oder Internet den Journalistenkodex verletzt \u2013 oder eben nicht. So garantiert der Rat die freiwillige Selbstregulierung der Medienbranche.<\/p>\n<p>Der Presserat tr\u00e4gt aber auch zur Reflexion und Diskussion \u00fcber grunds\u00e4tzliche medienethische Themen bei. Und er verteidigt die Presse- und Meinungs\u00e4usserungsfreiheit.<\/p>\n","protected":false},"excerpt":{"rendered":"<p>Der Schweizer Presserat dient Publikum und Medienschaffenden als Beschwerdeinstanz. Er wacht \u00fcber die Einhaltung des f\u00fcr alle Journalisten g\u00fcltigen Journalistenkodex, der \u00abErkl\u00e4rung der Pflichten und Rechte der Journalistinnen und Journalisten\u00bb. Der Presserat nimmt auf Beschwerde hin oder von sich aus Stellung zur journalistischen Berufsethik. Beschweren kann sich jedermann. F\u00fcr Privatpersonen betr\u00e4gt die Bearbeitungsgeb\u00fchr 100 Franken. &hellip; <a href=\"https:\/\/presserat.ch\/rm\/der-presserat\/aufgaben\/\">Continued<\/a><\/p>\n","protected":false},"author":1,"featured_media":0,"parent":11681,"menu_order":0,"comment_status":"closed","ping_status":"closed","template":"","meta":{"footnotes":""},"class_list":["post-11705","page","type-page","status-publish","hentry"],"_links":{"self":[{"href":"https:\/\/presserat.ch\/rm\/wp-json\/wp\/v2\/pages\/11705","targetHints":{"allow":["GET"]}}],"collection":[{"href":"https:\/\/presserat.ch\/rm\/wp-json\/wp\/v2\/pages"}],"about":[{"href":"https:\/\/presserat.ch\/rm\/wp-json\/wp\/v2\/types\/page"}],"author":[{"embeddable":true,"href":"https:\/\/presserat.ch\/rm\/wp-json\/wp\/v2\/users\/1"}],"replies":[{"embeddable":true,"href":"https:\/\/presserat.ch\/rm\/wp-json\/wp\/v2\/comments?post=11705"}],"version-history":[{"count":1,"href":"https:\/\/presserat.ch\/rm\/wp-json\/wp\/v2\/pages\/11705\/revisions"}],"predecessor-version":[{"id":20370,"href":"https:\/\/presserat.ch\/rm\/wp-json\/wp\/v2\/pages\/11705\/revisions\/20370"}],"up":[{"embeddable":true,"href":"https:\/\/presserat.ch\/rm\/wp-json\/wp\/v2\/pages\/11681"}],"wp:attachment":[{"href":"https:\/\/presserat.ch\/rm\/wp-json\/wp\/v2\/media?parent=11705"}],"curies":[{"name":"wp","href":"https:\/\/api.w.org\/{rel}","templated":true}]}}