{"id":11701,"date":"2026-01-01T00:00:00","date_gmt":"2025-12-31T23:00:00","guid":{"rendered":"https:\/\/presserat.ch\/der-presserat\/geschaeftsreglement\/"},"modified":"2026-01-01T00:00:38","modified_gmt":"2025-12-31T23:00:38","slug":"geschaeftsreglement","status":"publish","type":"page","link":"https:\/\/presserat.ch\/rm\/der-presserat\/geschaeftsreglement\/","title":{"rendered":"Gesch\u00e4ftsreglement des Schweizer Presserats"},"content":{"rendered":"<h3><strong>I. Institution, Sitz, Zusammensetzung, Gesch\u00e4ftsstelle und Finanzen<\/strong><\/h3>\n<p style=\"font-weight: 400\"><strong><u>Art. 1 Aufgabe<\/u><\/strong><\/p>\n<p style=\"font-weight: 400\"><sup>1<\/sup>Der Schweizer Presserat steht dem Publikum und den Medienschaffenden als Beschwerdeinstanz f\u00fcr medienethische Fragen zur Verf\u00fcgung. Mit seiner T\u00e4tigkeit soll er zur Reflexion \u00fcber grunds\u00e4tzliche medienethische Probleme beitragen und damit medienethische Diskussionen in den Redaktionen und im Publikum anregen.<\/p>\n<p style=\"font-weight: 400\"><sup>2<\/sup>Der Schweizer Presserat nimmt auf Beschwerde hin oder von sich aus Stellung zu Fragen der Berufsethik der Journalistinnen und Journalisten. Er verteidigt die Presse- und Meinungs\u00e4usserungsfreiheit.<\/p>\n<p style=\"font-weight: 400\"><sup>3<\/sup>Grundlage der Stellungnahmen des Schweizer Presserats bilden die \u00abErkl\u00e4rung der Pflichten und Rechte der Journalistinnen und Journalisten\u00bb (einschliesslich der im Zusammenhang mit der Erweiterung der Tr\u00e4gerschaft des Presserats auf Verleger und RTV-Veranstalter vereinbarten Protokollerkl\u00e4rungen), die dazu vom Schweizer Presserat erlassenen Richtlinien sowie die Praxis des Schweizer Presserats. Der Schweizer Presserat kann f\u00fcr seine Stellungnahmen auch ausl\u00e4ndische und internationale medienethische Kodizes heranziehen.<\/p>\n<p style=\"font-weight: 400\"><strong><u>Art. 2 Zust\u00e4ndigkeit<\/u><\/strong><\/p>\n<p style=\"font-weight: 400\">Die Zust\u00e4ndigkeit des Schweizer Presserats erstreckt sich \u2013 ungeachtet der Verbreitungsart \u2013 auf den redaktionellen Teil der \u00f6ffentlichen, auf die Aktualit\u00e4t bezogenen Medien sowie auf die journalistischen Inhalte, die individuell publiziert werden.<sup>1<\/sup><\/p>\n<p style=\"font-weight: 400\"><em><sup>1<\/sup> Fassung gem\u00e4ss Beschluss des Stiftungsrats vom 27. November 2018, in Kraft seit 1. Januar 2019<\/em><\/p>\n<p style=\"font-weight: 400\"><strong><u>Art. 3 Sitz<\/u><\/strong><\/p>\n<p style=\"font-weight: 400\">Der Presserat hat seinen Sitz bei seiner Gesch\u00e4ftsstelle.<\/p>\n<p style=\"font-weight: 400\"><strong><u>Art. 4 Zusammensetzung<\/u><\/strong><\/p>\n<p style=\"font-weight: 400\"><sup>1<\/sup>Der Schweizer Presserat besteht aus 21 Mitgliedern. Sechs Mitglieder des Schweizer Presserats sind Vertreter des Publikums. Sie \u00fcben keine Medienberufe aus. Die \u00fcbrigen Mitglieder des Presserats sind als Journalistinnen und Journalisten oder sonstwie in der Medienbranche in erheblichem Umfang publizistisch t\u00e4tig. Mitglieder des Stiftungsrats der Stiftung \u00abSchweizer Presserat\u00bb sind nicht w\u00e4hlbar.<\/p>\n<p style=\"font-weight: 400\"><sup>2<\/sup>Mindestens sechs Mitglieder des Schweizer Presserats m\u00fcssen aus der franz\u00f6sischsprachigen Schweiz, mindestens zwei aus der italienischsprachigen Schweiz stammen. Nach M\u00f6glichkeit ist auch die r\u00e4toromanische Sprachgruppe zu ber\u00fccksichtigen. Die Pr\u00e4sidentin\/der Pr\u00e4sident und die Vizepr\u00e4sidentinnen\/die Vizepr\u00e4sidenten d\u00fcrfen nicht alle der gleichen Sprachregion angeh\u00f6ren.<\/p>\n<p style=\"font-weight: 400\"><sup>3<\/sup>Jedes Geschlecht besetzt mindestens 8 Sitze.<\/p>\n<p style=\"font-weight: 400\"><sup>4<\/sup>Der Schweizer Presserat tagt in drei siebenk\u00f6pfigen Kammern, die von der Pr\u00e4sidentin\/dem Pr\u00e4sidenten und den beiden Vizepr\u00e4sidentinnen\/Vizepr\u00e4sidenten geleitet werden. Das Pr\u00e4sidium (bestehend aus Pr\u00e4sident\/in, zwei Vizepr\u00e4sidentinnen\/Vizepr\u00e4sidenten und Gesch\u00e4ftsf\u00fchrer\/in) legt die Zusammensetzung der Kammern fest.<sup>1<\/sup><\/p>\n<p style=\"font-weight: 400\"><sup>5<\/sup>Der Stiftungsrat der Stiftung \u00abSchweizer Presserat\u00bb w\u00e4hlt die Pr\u00e4sidentin\/den Pr\u00e4sidenten, die Vizepr\u00e4sidentinnen\/die Vizepr\u00e4sidenten und die Mitglieder des Schweizer Presserats f\u00fcr eine Amtsdauer von vier Jahren. Zweimalige Wiederwahl ist m\u00f6glich. Bei der erstmaligen Wahl ins Presseratspr\u00e4sidium f\u00fcr die Pr\u00e4sidentin\/den Pr\u00e4sidenten sowie die Vizepr\u00e4sidentinnen\/Vizepr\u00e4sidenten beginnt die Frist zur Amtszeitbeschr\u00e4nkung neu zu laufen.<\/p>\n<p style=\"font-weight: 400\"><em><sup>1<\/sup> Fassung gem\u00e4ss Beschluss des Stiftungsrats vom 18. Dezember 2020, in Kraft seit 1. Januar 2021<\/em><\/p>\n<p style=\"font-weight: 400\"><strong><u>Art. 5 Gesch\u00e4ftsstelle<\/u><\/strong><\/p>\n<p style=\"font-weight: 400\"><sup>1<\/sup>Die Gesch\u00e4ftsstelle des Schweizer Presserats wird von einer Gesch\u00e4ftsf\u00fchrerin\/einem Gesch\u00e4ftsf\u00fchrer geleitet.<\/p>\n<p style=\"font-weight: 400\"><sup>2<\/sup>Die Stellenbesetzung der Gesch\u00e4ftsf\u00fchrerin\/des Gesch\u00e4ftsf\u00fchrers erfolgt durch den Stiftungsrat der Stiftung \u00abSchweizer Presserat\u00bb im Einvernehmen mit der Pr\u00e4sidentin\/dem Pr\u00e4sidenten des Presserats.<\/p>\n<p style=\"font-weight: 400\"><sup>3<\/sup>Die Pflichten und Rechte der Gesch\u00e4ftsf\u00fchrerin\/des Gesch\u00e4ftsf\u00fchrers werden vertraglich geregelt.<\/p>\n<p style=\"font-weight: 400\"><strong><u>Art. 6 Finanzen<\/u><\/strong><\/p>\n<p style=\"font-weight: 400\"><sup>1<\/sup>Der Presserat t\u00e4tigt seine Ausgaben im Rahmen des vom Stiftungsrat verabschiedeten Budgets der Stiftung \u00abSchweizer Presserat\u00bb.<\/p>\n<p style=\"font-weight: 400\"><sup>2<\/sup>Die Gesch\u00e4ftsf\u00fchrerin\/der Gesch\u00e4ftsf\u00fchrer besorgt die Rechnungsf\u00fchrung.<\/p>\n<h3><strong>II. Verfahren<\/strong><\/h3>\n<p style=\"font-weight: 400\"><strong><u>Art. 7 Legitimation<\/u><\/strong><\/p>\n<p style=\"font-weight: 400\"><sup>1<\/sup>Beschwerdeberechtigt ist jedermann.<\/p>\n<p style=\"font-weight: 400\"><sup>2<\/sup>Der Presserat kann mit Mehrheitsbeschluss Themen oder F\u00e4lle von sich aus aufgreifen.<\/p>\n<p style=\"font-weight: 400\"><strong><u>Art. 8 Verfahrenseinleitung<\/u><\/strong><\/p>\n<p style=\"font-weight: 400\"><sup>1<\/sup>Ein Verfahren vor dem Schweizer Presserat wird durch Einreichung einer Beschwerde oder durch Beschluss des Plenums des Schweizer Presserats er\u00f6ffnet.<\/p>\n<p style=\"font-weight: 400\"><sup>2<\/sup>Beschwerden an den Presserat sind mit vollst\u00e4ndiger Adressangabe der Absenderin\/des Absenders und handschriftlich unterzeichnet per konventionelle Post oder elektronisch einzureichen.<\/p>\n<p style=\"font-weight: 400\"><strong><u>Art. 9 Begr\u00fcndung<\/u><\/strong><\/p>\n<p style=\"font-weight: 400\"><sup>1<\/sup>Beschwerden sind zu begr\u00fcnden.<\/p>\n<p style=\"font-weight: 400\"><sup>2<\/sup>Die Beschwerdebegr\u00fcndung umreisst den massgeblichen Sachverhalt und f\u00fchrt aus, inwiefern der beanstandete Medienbericht einzelne Bestimmungen der \u00abErkl\u00e4rung der Pflichten und Rechte der Journalistinnen und Journalisten\u00bb verletzt.<\/p>\n<p style=\"font-weight: 400\"><sup>3<\/sup>Weiter gibt sie an, ob im Zusammenhang mit dem Beschwerdegegenstand ein rundfunkrechtliches Verfahren oder ein Gerichtsverfahren eingeleitet wurde oder ob ein solches noch vorgesehen ist.<\/p>\n<p style=\"font-weight: 400\"><sup>4<\/sup>Zusammen mit der Beschwerdebegr\u00fcndung ist eine Kopie des beanstandeten Medienberichts einzureichen.<\/p>\n<p style=\"font-weight: 400\"><strong><u>Art. 9a Mangelhafte und unsachliche Eingaben<\/u><\/strong><\/p>\n<p style=\"font-weight: 400\"><sup>1<\/sup>Beschwerden mit fehlender Unterschrift oder Vollmacht, unverst\u00e4ndliche, mangelhaft begr\u00fcndete oder weitschweifige, d.h. 10 Seiten \u00fcberschreitende Eingaben sind innert einer Nachfrist zu verbessern. Andernfalls gilt die Eingabe als nicht erfolgt. Ebenfalls als nicht erfolgt gelten querulatorische, offensichtlich unsachliche sowie gegen den Anstand verstossende Eingaben. Diese werden ohne Weiteres zur\u00fcckgeschickt.<sup>1<\/sup><\/p>\n<p style=\"font-weight: 400\"><em><sup>1 <\/sup>Fassung gem\u00e4ss Beschluss des Stiftungsrats vom 24. November 2025, in Kraft seit 1. Januar 2026<\/em><\/p>\n<p style=\"font-weight: 400\"><strong><u>Art. 10 Beschwerdeeingang und Beschwerdeinstruktion<\/u><\/strong><\/p>\n<p style=\"font-weight: 400\"><sup>1<\/sup>Die Gesch\u00e4ftsf\u00fchrerin\/der Gesch\u00e4ftsf\u00fchrer best\u00e4tigt der Beschwerdef\u00fchrerin\/dem Beschwerdef\u00fchrer den Beschwerdeeingang.<\/p>\n<p style=\"font-weight: 400\"><sup>2<\/sup>Die Gesch\u00e4ftsf\u00fchrerin\/der Gesch\u00e4ftsf\u00fchrer instruiert das Beschwerdeverfahren in Absprache mit der Pr\u00e4sidentin\/dem Pr\u00e4sidenten respektive den Vizepr\u00e4sidentinnen\/Vizepr\u00e4sidenten.<sup>1<\/sup><\/p>\n<p style=\"font-weight: 400\"><em><sup>1<\/sup> Fassung gem\u00e4ss Beschluss des Stiftungsrats vom 18. Dezember 2020, in Kraft seit 1. Januar 2021<\/em><\/p>\n<p style=\"font-weight: 400\"><strong><u>Art. 11 Nichteintreten<\/u><\/strong><\/p>\n<p style=\"font-weight: 400\"><sup>1<\/sup>Der Schweizer Presserat tritt auf Beschwerden nicht ein:<\/p>\n<p style=\"font-weight: 400\">\u2013\u00a0\u00a0\u00a0 f\u00fcr die er nicht zust\u00e4ndig ist (Art. 2);<\/p>\n<p style=\"font-weight: 400\">\u2013\u00a0\u00a0\u00a0 die offensichtlich unbegr\u00fcndet sind;<\/p>\n<p style=\"font-weight: 400\">\u2013\u00a0\u00a0\u00a0 die sich nicht auf berufsethische Fragestellungen beziehen;<\/p>\n<p style=\"font-weight: 400\">\u2013\u00a0\u00a0\u00a0 wenn sich die betroffene Redaktion oder die Journalistin\/der Journalist bei einer Angelegenheit von geringer Relevanz bereits \u00f6ffentlich entschuldigt und\/oder Korrekturmassnahmen ergriffen hat;<sup>1<\/sup><\/p>\n<p style=\"font-weight: 400\">\u2013\u00a0\u00a0\u00a0 wenn die Publikation des beanstandeten Medienberichts l\u00e4nger als zwanzig Tage respektive bei pers\u00f6nlicher Betroffenheit drei Monate zur\u00fcckliegt<sup>2<\/sup>;<\/p>\n<p style=\"font-weight: 400\">\u2013\u00a0\u00a0\u00a0 wenn ein Parallelverfahren (insbesondere bei Gerichten oder bei der UBI) eingeleitet wurde oder vorgesehen ist.<\/p>\n<p style=\"font-weight: 400\"><sup>2<\/sup>Sofern sich berufsethische Grundsatzfragen stellen oder der Bericht, gegen den sich die Beschwerde richtet, eine breite \u00f6ffentliche Diskussion ausgel\u00f6st hat, kann der Schweizer Presserat auf Beschwerden eintreten, auch wenn im Zusammenhang mit dem Beschwerdegegenstand ein rundfunkrechtliches Verfahren oder ein Gerichtsverfahren h\u00e4ngig ist, die Beschwerdef\u00fchrerin\/der Beschwerdef\u00fchrer ein solches w\u00e4hrend der Dauer des Presseratsverfahrens einleitet oder vorhat, ein solches einzuleiten.<sup>1<\/sup><\/p>\n<p style=\"font-weight: 400\"><sup>3<\/sup>Nichteintretensentscheide werden summarisch begr\u00fcndet und der Beschwerdef\u00fchrerin\/dem Beschwerdef\u00fchrer mitgeteilt. In Ausnahmef\u00e4llen kann der Presserat einen Nichteintretensentscheid in einer ordentlichen Stellungnahme begr\u00fcnden (Art. 17). Verlangt eine Beschwerdef\u00fchrerin\/ein Beschwerdef\u00fchrer eine ausf\u00fchrliche Begr\u00fcndung, werden ihr\/ihm die Kosten zu einem angemessenen Stundensatz verrechnet. Sie sind vorab zu begleichen.<\/p>\n<p style=\"font-weight: 400\"><em><sup>1<\/sup> Fassung gem\u00e4ss Beschluss des Stiftungsrats vom 27. November 2018, in Kraft seit 1. Januar 2019<\/em><\/p>\n<p style=\"font-weight: 400\"><em><sup>2 <\/sup>Fassung gem\u00e4ss Beschluss des Stiftungsrats vom 24. November 2025, in Kraft seit 1. Januar 2026<\/em><\/p>\n<p style=\"font-weight: 400\"><strong><u>Art. 12 Schriftenwechsel<\/u><\/strong><\/p>\n<p style=\"font-weight: 400\"><sup>1<\/sup>Ist auf die Beschwerde einzutreten, holt die Gesch\u00e4ftsf\u00fchrerin\/der Gesch\u00e4ftsf\u00fchrer eine Stellungnahme der von der Beschwerde betroffenen Redaktion oder der von der Beschwerde betroffenen Journalistin\/dem Journalisten ein.<sup>1<\/sup><\/p>\n<p style=\"font-weight: 400\"><sup>2<\/sup>Nach Eingang der Beschwerdeantwort entscheidet das Pr\u00e4sidium nach freiem Ermessen \u00fcber weitere Instruktionsmassnahmen. Die Parteien haben keinen Anspruch auf Durchf\u00fchrung eines zweiten Schriften-wechsels.<\/p>\n<p style=\"font-weight: 400\"><sup>3<\/sup>Die Gesch\u00e4ftsf\u00fchrerin\/der Gesch\u00e4ftsf\u00fchrer orientiert die Parteien \u00fcber das weitere Verfahren und gibt ihnen die Zusammensetzung des zust\u00e4ndigen Gremiums bekannt (Artikel 13).<\/p>\n<p style=\"font-weight: 400\"><em><sup>1<\/sup> Fassung gem\u00e4ss Beschluss des Stiftungsrats vom 27. November 2018, in Kraft seit 1. Januar 2019<\/em><\/p>\n<p style=\"font-weight: 400\"><strong><u>Art. 13 Zust\u00e4ndigkeit von Pr\u00e4sidium, Kammern und Plenum<\/u><\/strong><\/p>\n<div><sup>1<\/sup>Das Pr\u00e4sidium behandelt Beschwerden, auf die der Presserat nicht eintritt (Artikel 11), die in ihren Grundz\u00fcgen mit vom Presserat bereits fr\u00fcher behandelten F\u00e4llen \u00fcbereinstimmen oder die von untergeordneter Bedeutung erscheinen.<sup>1<\/sup><\/div>\n<p style=\"font-weight: 400\"><sup>2<\/sup>Das Pr\u00e4sidium weist die weiteren Beschwerden einer der drei Kammern zu.<\/p>\n<p style=\"font-weight: 400\"><sup>3<\/sup>Stellen sich mit einer Beschwerde berufsethische Fragen grunds\u00e4tzlicher Natur, k\u00f6nnen das Pr\u00e4sidium bzw. die Kammern in jedem Stadium des Verfahrens von sich aus das Plenum einbeziehen.<\/p>\n<p style=\"font-weight: 400\"><em><sup>1<\/sup> Fassung gem\u00e4ss Beschluss des Stiftungsrats vom 8. September 2021, in Kraft seit 1. Oktober 2021<\/em><\/p>\n<p style=\"font-weight: 400\"><strong><u>Art. 14 Ablehnungsbegehren<\/u><\/strong><\/p>\n<p style=\"font-weight: 400\"><sup>1<\/sup>Begr\u00fcndete Einw\u00e4nde gegen die Zusammensetzung des zust\u00e4ndigen Gremiums sind innerhalb von 10 Tagen nach der Mitteilung gem\u00e4ss Artikel 12 Absatz 3 vorzubringen.<\/p>\n<p style=\"font-weight: 400\"><sup>2<\/sup>Das Pr\u00e4sidium entscheidet \u00fcber Ablehnungsbegehren. Betrifft das Begehren ein Mitglied des Pr\u00e4sidiums, entscheiden die drei anderen Mitglieder des Pr\u00e4sidiums.<sup>1<\/sup><\/p>\n<p style=\"font-weight: 400\"><sup>3<\/sup>Einem Ablehnungsbegehren ist stattzugeben, wenn eine besondere N\u00e4he zu einer der Parteien oder zum Beschwerdegegenstand besteht, die die F\u00e4higkeit zu einer unbefangenen Stellungnahme als wesentlich eingeschr\u00e4nkt erscheinen l\u00e4sst.<\/p>\n<p style=\"font-weight: 400\"><sup>4<\/sup>Nach erfolgtem Entscheid f\u00fchrt der Presserat keine weitere Korrespondenz \u00fcber Ablehnungsbegehren.<\/p>\n<p style=\"font-weight: 400\"><em><sup>1<\/sup> Fassung gem\u00e4ss Beschluss des Stiftungsrats vom 18. Dezember 2020, in Kraft seit 1. Januar 2021<\/em><\/p>\n<p style=\"font-weight: 400\"><strong><u>Art. 15 Ausstand<\/u><\/strong><\/p>\n<p style=\"font-weight: 400\"><sup>1<\/sup>Mitglieder des Schweizer Presserats treten von sich aus in den Ausstand, wenn sie sich ausserstande sehen, zu einer Beschwerde unbefangen Stellung zu nehmen.<\/p>\n<p style=\"font-weight: 400\"><sup>2<\/sup>Ein Ausstandsgrund ist insbesondere gegeben, wenn die Redaktion betroffen ist, f\u00fcr das ein Presseratsmitglied arbeitet oder in den letzten drei Jahren gearbeitet hat.<\/p>\n<p style=\"font-weight: 400\"><strong><u>Art. 16 Beratung<\/u><\/strong><\/p>\n<p style=\"font-weight: 400\"><sup>1<\/sup>Die Beratungen des Pr\u00e4sidiums finden in der Regel auf dem Korrespondenzweg statt.<\/p>\n<p style=\"font-weight: 400\"><sup>2<\/sup>Die Beratungen in den Kammern und im Plenum finden in Form von Sitzungen und auf dem Korrespondenzweg statt.<\/p>\n<p style=\"font-weight: 400\"><sup>3<\/sup>Der Presserat kann die Beratungen seiner Kammern \u00f6ffentlich machen.<\/p>\n<p style=\"font-weight: 400\"><strong><u>Art. 17 Stellungnahmen des Presserats<\/u><\/strong><\/p>\n<p style=\"font-weight: 400\"><sup>1<\/sup>Das Ergebnis der Beratungen wird in einer schriftlichen Stellungnahme des Presserats festgehalten.<\/p>\n<p style=\"font-weight: 400\"><sup>2<\/sup>Der Presserat kann in seinen Stellungnahmen Feststellungen treffen und Empfehlungen erlassen. Er hat keine Sanktionsm\u00f6glichkeiten. Die Stellungnahme lautet in der Regel auf (teilweise) Gutheissung oder Abweisung der Beschwerde. Er ist frei, sich in seinen Stellungnahmen auf die wesentlichen Beschwerdegr\u00fcnde zu beschr\u00e4nken. In begr\u00fcndeten F\u00e4llen kann der Presserat auch Nichteintretensentscheide in einer ordentlichen Stellungnahme begr\u00fcnden.<sup>1<\/sup><\/p>\n<p style=\"font-weight: 400\"><sup>3<\/sup>Die definitive Verabschiedung der Stellungnahmen des Presserats mit Ausnahme der Nichteintretensentscheide erfolgt durch das Plenum auf dem Korrespondenzweg.<\/p>\n<p style=\"font-weight: 400\"><sup>4<\/sup>Wenn mindestens zwei Presseratsmitglieder dies innert zehn Werktagen nach erfolgter Zustellung verlangen, ist die Stellungnahme an der n\u00e4chsten Plenarsitzung zu traktandieren. Nach unbenutztem Ablauf gilt die Stellungnahme als genehmigt.<\/p>\n<p style=\"font-weight: 400\"><em><sup>1 <\/sup>Fassung gem\u00e4ss Beschluss des Stiftungsrats vom 21. November 2017, in Kraft seit 1. Januar 2018<\/em><strong>\u00a0<\/strong><\/p>\n<p style=\"font-weight: 400\"><strong><u>Art. 18 Zustellung und Ver\u00f6ffentlichung der Stellungnahmen<\/u><\/strong><\/p>\n<p style=\"font-weight: 400\"><sup>1<\/sup>Die Gesch\u00e4ftsf\u00fchrerin\/der Gesch\u00e4ftsf\u00fchrer stellt die Stellungnahme vor der Ver\u00f6ffentlichung den Parteien zu.<\/p>\n<p style=\"font-weight: 400\"><sup>2<\/sup>Die Stellungnahmen werden auf der Website www.presserat.ch ver\u00f6ffentlicht.<\/p>\n<p style=\"font-weight: 400\"><strong><u>Art. 19 Endg\u00fcltigkeit der Stellungnahmen und Berichtigung<\/u><\/strong><\/p>\n<p style=\"font-weight: 400\"><sup>1<\/sup>Die Stellungnahmen des Schweizer Presserats sind endg\u00fcltig.<\/p>\n<p style=\"font-weight: 400\"><sup>2<\/sup>Vorbehalten ist die nachtr\u00e4gliche Berichtigung einer Stellungnahme, die auf nachweislich unrichtigen Fakten beruht.<\/p>\n<p style=\"font-weight: 400\"><strong><u>Art. 20 Verfahrenskosten<\/u><\/strong><\/p>\n<p style=\"font-weight: 400\"><sup>1<\/sup>F\u00fcr Privatpersonen betr\u00e4gt die Bearbeitungsgeb\u00fchr 100 Franken. F\u00fcr die zweite Beschwerde innerhalb eines Kalenderjahres betr\u00e4gt diese 200 Franken, f\u00fcr die dritte Beschwerde 500 Franken, ab der vierten werden 1000 Franken in Rechnung gestellt.<sup>2<\/sup><\/p>\n<p style=\"font-weight: 400\"><sup>2<\/sup>Beschwerdef\u00fchrerinnen und Beschwerdef\u00fchrern, die sich anwaltlich vertreten lassen, sowie Organisationen, Unternehmen und Institutionen wird eine Kostenbeteiligung von 1000 Franken in Rechnung gestellt.<sup> 1<\/sup><\/p>\n<p style=\"font-weight: 400\"><sup>3<\/sup>Bearbeitungsgeb\u00fchr und Kostenbeteiligung sind vor Anhandnahme der Beschwerde zu \u00fcberweisen und verbleiben unabh\u00e4ngig vom Ausgang des Verfahrens beim Presserat.<sup>2<\/sup><\/p>\n<p style=\"font-weight: 400\"><sup>4<\/sup>Es werden weder Verfahrens- noch Parteikosten gesprochen.<\/p>\n<p style=\"font-weight: 400\"><em><sup>1 <\/sup>Fassung gem\u00e4ss Beschluss des Stiftungsrats vom 21. November 2017, in Kraft seit 1. Januar 2018<\/em><\/p>\n<p style=\"font-weight: 400\"><em><sup>2 <\/sup>Fassung gem\u00e4ss Beschluss des Stiftungsrats vom 24. November 2025, in Kraft seit 1. Januar 2026<\/em><\/p>\n<h3 style=\"font-weight: 400\"><strong>III. Berichterstattung und Ausf\u00fchrungsreglemente<\/strong><\/h3>\n<p style=\"font-weight: 400\"><strong><u>Art. 21 Jahresbericht<\/u><\/strong><\/p>\n<p style=\"font-weight: 400\">Die Pr\u00e4sidentin\/der Pr\u00e4sident des Schweizer Pressrates erstattet dem Stiftungsrat der Stiftung \u00abSchweizer Presserat\u00bb j\u00e4hrlich Bericht \u00fcber die T\u00e4tigkeit des Presserats.<\/p>\n<p style=\"font-weight: 400\"><strong><u>Art. 22 Reglemente<\/u><\/strong><\/p>\n<p style=\"font-weight: 400\">Der Schweizer Presserat kann insbesondere folgende Reglemente mit einfacher Mehrheit erlassen:<\/p>\n<p>a. Richtlinien zur \u00abErkl\u00e4rung der Pflichten und Rechte der Journalistinnen und Journalisten\u00bb;<\/p>\n<p>b. Gesch\u00e4ftsordnung des Schweizer Presserats.<\/p>\n<h3 style=\"font-weight: 400\"><strong>\u00a0IV. <\/strong><strong>Zusammenarbeit<\/strong><\/h3>\n<p style=\"font-weight: 400\"><strong><u>Art. 23 Zusammenarbeit mit anderen Institutionen<\/u><\/strong><\/p>\n<p style=\"font-weight: 400\">Der Schweizer Presserat arbeitet mit Ombudsstellen von Schweizer Medien, mit ausl\u00e4ndischen Presser\u00e4ten und weiteren \u00e4hnlichen Institutionen zusammen.<\/p>\n<h3 style=\"font-weight: 400\"><strong>\u00a0V. <\/strong><strong>Schlussbestimmung<\/strong><\/h3>\n<p style=\"font-weight: 400\"><strong><u>Art. 24 Inkrafttreten<\/u><\/strong><\/p>\n<p style=\"font-weight: 400\">Dieses Reglement tritt per 1. Januar 2026 in Kraft. Es ersetzt das zuletzt am 8. September 2021 revidierte Gesch\u00e4ftsreglement vom 1. Oktober 2021.<\/p>\n","protected":false},"excerpt":{"rendered":"<p>I. Institution, Sitz, Zusammensetzung, Gesch\u00e4ftsstelle und Finanzen Art. 1 Aufgabe 1Der Schweizer Presserat steht dem Publikum und den Medienschaffenden als Beschwerdeinstanz f\u00fcr medienethische Fragen zur Verf\u00fcgung. Mit seiner T\u00e4tigkeit soll er zur Reflexion \u00fcber grunds\u00e4tzliche medienethische Probleme beitragen und damit medienethische Diskussionen in den Redaktionen und im Publikum anregen. 2Der Schweizer Presserat nimmt auf Beschwerde &hellip; <a href=\"https:\/\/presserat.ch\/rm\/der-presserat\/geschaeftsreglement\/\">Continued<\/a><\/p>\n","protected":false},"author":1,"featured_media":0,"parent":11681,"menu_order":0,"comment_status":"closed","ping_status":"closed","template":"","meta":{"footnotes":""},"class_list":["post-11701","page","type-page","status-publish","hentry"],"_links":{"self":[{"href":"https:\/\/presserat.ch\/rm\/wp-json\/wp\/v2\/pages\/11701","targetHints":{"allow":["GET"]}}],"collection":[{"href":"https:\/\/presserat.ch\/rm\/wp-json\/wp\/v2\/pages"}],"about":[{"href":"https:\/\/presserat.ch\/rm\/wp-json\/wp\/v2\/types\/page"}],"author":[{"embeddable":true,"href":"https:\/\/presserat.ch\/rm\/wp-json\/wp\/v2\/users\/1"}],"replies":[{"embeddable":true,"href":"https:\/\/presserat.ch\/rm\/wp-json\/wp\/v2\/comments?post=11701"}],"version-history":[{"count":23,"href":"https:\/\/presserat.ch\/rm\/wp-json\/wp\/v2\/pages\/11701\/revisions"}],"predecessor-version":[{"id":20331,"href":"https:\/\/presserat.ch\/rm\/wp-json\/wp\/v2\/pages\/11701\/revisions\/20331"}],"up":[{"embeddable":true,"href":"https:\/\/presserat.ch\/rm\/wp-json\/wp\/v2\/pages\/11681"}],"wp:attachment":[{"href":"https:\/\/presserat.ch\/rm\/wp-json\/wp\/v2\/media?parent=11701"}],"curies":[{"name":"wp","href":"https:\/\/api.w.org\/{rel}","templated":true}]}}