{"id":11699,"date":"2017-04-05T15:07:11","date_gmt":"2017-04-05T13:07:11","guid":{"rendered":"https:\/\/presserat.ch\/der-presserat\/presseratsmitglieder\/"},"modified":"2021-03-21T21:53:09","modified_gmt":"2021-03-21T20:53:09","slug":"presseratsmitglieder-alt","status":"publish","type":"page","link":"https:\/\/presserat.ch\/rm\/der-presserat\/presseratsmitglieder-alt\/","title":{"rendered":"Mitglieder (alte Version)"},"content":{"rendered":"\n<h3 class=\"wp-block-heading\">1. Kammer<\/h3>\n\n\n\n<p><\/p>\n\n\n\n<div class=\"row\">\n<div class=\"col-sm-9\"><strong>Susan Boos<\/strong> (Pr\u00e4sidentin des Presserats und Pr\u00e4sidentin 1. Kammer)<br> St. Gallen, Journalistin, Buchautorin und Redaktorin<\/div>\n<div class=\"col-sm-3\">\n\n\n\n<figure class=\"wp-block-image size-large\"><img decoding=\"async\" width=\"240\" height=\"300\" src=\"https:\/\/presserat.ch\/wp-content\/uploads\/2021\/01\/180128_sb_2.jpg\" alt=\"\" class=\"wp-image-13996\"\/><\/figure>\n\n\n\n<\/div>\n<\/div>\n\n\n\n<div class=\"row\">\n<div class=\"col-12\"><hr><\/div>\n<\/div>\n\n\n\n<div class=\"row\">\n<div class=\"col-sm-9\"><strong>Luca Allidi*<\/strong><br>Ascona, Anwalt<\/div>\n<div class=\"col-sm-3\">\n<figure><img decoding=\"async\" class=\"img-fluid alignnone wp-image-14284 size-medium\" src=\"https:\/\/presserat.ch\/wp-content\/uploads\/2017\/04\/bu\u00cc\u0088hler_dennis-240x300.jpg\" alt=\"\" width=\"240\" height=\"300\" srcset=\"https:\/\/presserat.ch\/wp-content\/uploads\/2017\/04\/bu\u00cc\u0088hler_dennis-240x300.jpg 240w, https:\/\/presserat.ch\/wp-content\/uploads\/2017\/04\/bu\u00cc\u0088hler_dennis.jpg 562w\" sizes=\"(max-width: 240px) 100vw, 240px\" \/><\/figure><p><\/p>\n<\/div>\n<\/div>\n\n\n\n<div class=\"row\">\n<div class=\"col-12\"><hr><\/div>\n<\/div>\n\n\n\n<div class=\"row\">\n<div class=\"col-sm-9\"><strong>Dennis B\u00fchler<\/strong><br>Bern, Bundeshausredaktor \u00abRepublik\u00bb<\/div>\n<div class=\"col-sm-3\">\n<figure><img decoding=\"async\" class=\"img-fluid alignnone wp-image-14284 size-medium\" src=\"https:\/\/presserat.ch\/wp-content\/uploads\/2017\/04\/bu\u00cc\u0088hler_dennis-240x300.jpg\" alt=\"\" width=\"240\" height=\"300\" srcset=\"https:\/\/presserat.ch\/wp-content\/uploads\/2017\/04\/bu\u00cc\u0088hler_dennis-240x300.jpg 240w, https:\/\/presserat.ch\/wp-content\/uploads\/2017\/04\/bu\u00cc\u0088hler_dennis.jpg 562w\" sizes=\"(max-width: 240px) 100vw, 240px\" \/><\/figure><p><\/p>\n<\/div>\n<\/div>\n\n\n\n\n\n<div class=\"row\">\n<div class=\"col-sm-9\"><strong>Ursin Cadisch<\/strong><br>Chur, Social Media Radiotelevisiun Svizra Rumantscha RTR<\/div>\n<div class=\"col-sm-3\">\n<figure><img decoding=\"async\" class=\"img-fluid alignnone wp-image-14284 size-medium\" src=\"https:\/\/presserat.ch\/wp-content\/uploads\/2017\/04\/bu\u00cc\u0088hler_dennis-240x300.jpg\" alt=\"\" width=\"240\" height=\"300\" srcset=\"https:\/\/presserat.ch\/wp-content\/uploads\/2017\/04\/bu\u00cc\u0088hler_dennis-240x300.jpg 240w, https:\/\/presserat.ch\/wp-content\/uploads\/2017\/04\/bu\u00cc\u0088hler_dennis.jpg 562w\" sizes=\"(max-width: 240px) 100vw, 240px\" \/><\/figure><p><\/p>\n<\/div>\n<\/div>\n\n\n\n\n\n<div class=\"row\">\n<div class=\"col-sm-9\"><strong>Michael Herzka,<\/strong> Dr. phil. I*<br>Z\u00fcrich, Institutsleiter Movendo<\/div>\n<div class=\"col-sm-3\">\n<figure><img decoding=\"async\" class=\"img-fluid alignnone wp-image-14284 size-medium\" src=\"https:\/\/presserat.ch\/wp-content\/uploads\/2017\/04\/bu\u00cc\u0088hler_dennis-240x300.jpg\" alt=\"\" width=\"240\" height=\"300\" srcset=\"https:\/\/presserat.ch\/wp-content\/uploads\/2017\/04\/bu\u00cc\u0088hler_dennis-240x300.jpg 240w, https:\/\/presserat.ch\/wp-content\/uploads\/2017\/04\/bu\u00cc\u0088hler_dennis.jpg 562w\" sizes=\"(max-width: 240px) 100vw, 240px\" \/><\/figure><p><\/p>\n<\/div>\n<\/div>\n\n\n\n<div class=\"row\">\n<div class=\"col-12\"><hr><\/div>\n<\/div>\n\n\n\n<div class=\"row\">\n<div class=\"col-sm-9\"><strong>Francesca Luvini<\/strong><br>Lugano, Journalistin Radiotelevisione Svizzera<\/div>\n<div class=\"col-sm-3\">\n<figure><img decoding=\"async\" class=\"alignnone wp-image-14288 size-medium\" src=\"https:\/\/presserat.ch\/wp-content\/uploads\/2017\/04\/luvini_francesca-1-240x300.jpg\" alt=\"\" width=\"240\" height=\"300\" srcset=\"https:\/\/presserat.ch\/wp-content\/uploads\/2017\/04\/luvini_francesca-1-240x300.jpg 240w, https:\/\/presserat.ch\/wp-content\/uploads\/2017\/04\/luvini_francesca-1.jpg 562w\" sizes=\"(max-width: 240px) 100vw, 240px\" \/><\/figure><p><\/p>\n<\/div>\n<\/div>\n\n\n\n<div class=\"row\">\n<div class=\"col-12\"><hr><\/div>\n<\/div>\n\n\n\n<div class=\"row\">\n<div class=\"col-sm-9\"><strong>Casper Selg<\/strong><br>Bern, Freier Journalist<\/div>\n<div class=\"col-sm-3\">\n<figure><img decoding=\"async\" class=\"img-fluid alignnone wp-image-14289 size-medium\" src=\"https:\/\/presserat.ch\/wp-content\/uploads\/2017\/04\/selg_casper-240x300.jpg\" alt=\"\" width=\"240\" height=\"300\" srcset=\"https:\/\/presserat.ch\/wp-content\/uploads\/2017\/04\/selg_casper-240x300.jpg 240w, https:\/\/presserat.ch\/wp-content\/uploads\/2017\/04\/selg_casper.jpg 562w\" sizes=\"(max-width: 240px) 100vw, 240px\" \/><\/figure><p><\/p>\n<\/div>\n<\/div>\n\n\n\n<div class=\"row\">\n<div class=\"col-12\"><hr><\/div>\n<\/div>\n\n\n\n<h3 class=\"wp-block-heading\">2. Kammer<\/h3>\n\n\n\n<div class=\"row\">\n<div class=\"col-sm-9\"><strong>Dominique von Burg<\/strong> (Pr\u00e4sident 2. Kammer und Vizepr\u00e4sident des Presserats)<br>Carouge, ehemaliger Chefredaktor \u00abTribune de Gen\u00e8ve\u00bb<\/div>\n<div class=\"col-sm-3\">\n<figure><img decoding=\"async\" class=\"alignnone wp-image-14291 size-medium\" src=\"https:\/\/presserat.ch\/wp-content\/uploads\/2017\/04\/vonburg_dominique-242x300.jpg\" alt=\"\" width=\"242\" height=\"300\" srcset=\"https:\/\/presserat.ch\/wp-content\/uploads\/2017\/04\/vonburg_dominique-242x300.jpg 242w, https:\/\/presserat.ch\/wp-content\/uploads\/2017\/04\/vonburg_dominique.jpg 562w\" sizes=\"(max-width: 242px) 100vw, 242px\" \/><\/figure><p><\/p>\n<\/div>\n<\/div>\n\n\n\n<div class=\"row\">\n<div class=\"col-12\"><hr><\/div>\n<\/div>\n\n\n\n<div class=\"row\">\n<div class=\"col-sm-9\"><strong>Annik Dubied,<\/strong>&nbsp;Prof. Dr.*<br>Neuenburg, Professorin f\u00fcr Journalismus und Dekanin der Fakult\u00e4t f\u00fcr Wirtschaftswissenschaften Universit\u00e4t Neuenburg<\/div>\n<div class=\"col-sm-3\">\n<figure><img decoding=\"async\" class=\"img-fluid alignnone wp-image-14294 size-medium\" src=\"https:\/\/presserat.ch\/wp-content\/uploads\/2017\/04\/dubied_annik-240x300.jpg\" alt=\"\" width=\"240\" height=\"300\" srcset=\"https:\/\/presserat.ch\/wp-content\/uploads\/2017\/04\/dubied_annik-240x300.jpg 240w, https:\/\/presserat.ch\/wp-content\/uploads\/2017\/04\/dubied_annik.jpg 562w\" sizes=\"(max-width: 240px) 100vw, 240px\" \/><\/figure><p><\/p>\n<\/div>\n<\/div>\n\n\n\n<div class=\"row\">\n<div class=\"col-12\"><hr><\/div>\n<\/div>\n\n\n\n<div class=\"row\">\n<div class=\"col-sm-9\"><strong>Jo\u00eblle Fabre<\/strong><br>Lausanne, Journalistin 24heures<\/div>\n<div class=\"col-sm-3\">\n<figure><img decoding=\"async\" class=\"img-fluid alignnone wp-image-10614 size-medium\" src=\"\" alt=\"\" width=\"240\" height=\"300\"><\/figure><p><\/p>\n<\/div>\n<\/div>\n\n\n\n<div class=\"row\">\n<div class=\"col-12\"><hr><\/div>\n<\/div>\n\n\n\n<div class=\"row\">\n<div class=\"col-sm-9\"><strong>Denis Masmejan<\/strong><br>Pully, freier Journalist<\/div>\n<div class=\"col-sm-3\"><figure><img decoding=\"async\" class=\"img-fluid alignnone wp-image-14295 size-medium\" src=\"https:\/\/presserat.ch\/wp-content\/uploads\/2017\/04\/masmejan_denis-240x300.jpg\" alt=\"\" width=\"240\" height=\"300\" srcset=\"https:\/\/presserat.ch\/wp-content\/uploads\/2017\/04\/masmejan_denis-240x300.jpg 240w, https:\/\/presserat.ch\/wp-content\/uploads\/2017\/04\/masmejan_denis.jpg 562w\" sizes=\"(max-width: 240px) 100vw, 240px\" \/><\/figure><\/div>\n<\/div>\n\n\n\n<div class=\"row\">\n<div class=\"col-12\"><hr><\/div>\n<\/div>\n\n\n\n<div class=\"row\">\n<div class=\"col-sm-9\"><strong>Fran\u00e7ois Mauron<\/strong><br>Villars-sur-Gl\u00e2ne, Ressortleiter R\u00e9gions \u00abLa Libert\u00e9\u00bb<\/div>\n<div class=\"col-sm-3\">\n<figure><img decoding=\"async\" class=\"img-fluid alignnone wp-image-14296 size-medium\" src=\"https:\/\/presserat.ch\/wp-content\/uploads\/2017\/04\/mauron_francois-240x300.jpg\" alt=\"\" width=\"240\" height=\"300\" srcset=\"https:\/\/presserat.ch\/wp-content\/uploads\/2017\/04\/mauron_francois-240x300.jpg 240w, https:\/\/presserat.ch\/wp-content\/uploads\/2017\/04\/mauron_francois.jpg 562w\" sizes=\"(max-width: 240px) 100vw, 240px\" \/><\/figure><p><\/p>\n<\/div>\n<\/div>\n\n\n\n<div class=\"row\">\n<div class=\"col-12\"><hr><\/div>\n<\/div>\n\n\n\n<div class=\"row\">\n<div class=\"col-sm-9\"><strong>M\u00e9lanie Pitteloud*<\/strong><br>Martigny, Ethnologin<\/div>\n<div class=\"col-sm-3\"><figure><img decoding=\"async\" class=\"alignnone size-medium wp-image-12425\" src=\"https:\/\/presserat.ch\/wp-content\/uploads\/2019\/03\/melanie_pitteloud-1-245x300.jpg\" alt=\"\" width=\"245\" height=\"300\" srcset=\"https:\/\/presserat.ch\/wp-content\/uploads\/2019\/03\/melanie_pitteloud-1-245x300.jpg 245w, https:\/\/presserat.ch\/wp-content\/uploads\/2019\/03\/melanie_pitteloud-1-768x942.jpg 768w, https:\/\/presserat.ch\/wp-content\/uploads\/2019\/03\/melanie_pitteloud-1-835x1024.jpg 835w\" sizes=\"(max-width: 245px) 100vw, 245px\" \/><\/figure><\/div>\n<\/div>\n\n\n\n<div class=\"row\">\n<div class=\"col-12\"><hr><\/div>\n<\/div>\n\n\n\n<div class=\"row\">\n<div class=\"col-sm-9\"><strong>Anne-Fr\u00e9d\u00e9rique Widmann<\/strong><br>Genf, Journalistin RTS<\/div>\n<div class=\"col-sm-3\"><figure><img decoding=\"async\" class=\"alignnone size-medium wp-image-12425\" src=\"https:\/\/presserat.ch\/wp-content\/uploads\/2019\/03\/melanie_pitteloud-1-245x300.jpg\" alt=\"\" width=\"245\" height=\"300\" srcset=\"https:\/\/presserat.ch\/wp-content\/uploads\/2019\/03\/melanie_pitteloud-1-245x300.jpg 245w, https:\/\/presserat.ch\/wp-content\/uploads\/2019\/03\/melanie_pitteloud-1-768x942.jpg 768w, https:\/\/presserat.ch\/wp-content\/uploads\/2019\/03\/melanie_pitteloud-1-835x1024.jpg 835w\" sizes=\"(max-width: 245px) 100vw, 245px\" \/><\/figure><\/div>\n<\/div>\n\n\n\n<div class=\"row\">\n<div class=\"col-12\"><hr><\/div>\n<\/div>\n\n\n\n<h3 class=\"wp-block-heading\">3. Kammer<\/h3>\n\n\n\n<div class=\"row\">\n<div class=\"col-sm-9\"><strong>Max Trossmann,<\/strong>&nbsp;Lic. phil. I (Pr\u00e4sident 3. Kammer und Vizepr\u00e4sident Presserat)<br>Adliswil, Historiker und Publizist<\/div>\n<div class=\"col-sm-3\">\n<figure><img decoding=\"async\" class=\"img-fluid alignnone wp-image-14297 size-medium\" src=\"https:\/\/presserat.ch\/wp-content\/uploads\/2017\/04\/trossmann_max-240x300.jpg\" alt=\"\" width=\"240\" height=\"300\" srcset=\"https:\/\/presserat.ch\/wp-content\/uploads\/2017\/04\/trossmann_max-240x300.jpg 240w, https:\/\/presserat.ch\/wp-content\/uploads\/2017\/04\/trossmann_max.jpg 562w\" sizes=\"(max-width: 240px) 100vw, 240px\" \/><\/figure><p><\/p>\n<\/div>\n<\/div>\n\n\n\n<div class=\"row\">\n<div class=\"col-12\"><hr><\/div>\n<\/div>\n\n\n\n<div class=\"row\">\n<div class=\"col-sm-9\"><strong>Annika Bangerter<\/strong><br>Basel, Redaktorin AZ Medien<\/div>\n<div class=\"col-sm-3\"><figure><img decoding=\"async\" class=\"alignnone size-medium wp-image-14364\" src=\"https:\/\/presserat.ch\/wp-content\/uploads\/2018\/06\/Annika_Bangerter-200x300.jpg\" alt=\"\" width=\"200\" height=\"300\" srcset=\"https:\/\/presserat.ch\/wp-content\/uploads\/2018\/06\/Annika_Bangerter-200x300.jpg 200w, https:\/\/presserat.ch\/wp-content\/uploads\/2018\/06\/Annika_Bangerter.jpg 599w\" sizes=\"(max-width: 200px) 100vw, 200px\" \/><\/figure><\/div>\n<\/div>\n\n\n\n<div class=\"row\">\n<div class=\"col-12\"><hr><\/div>\n<\/div>\n\n\n\n<div class=\"row\">\n<div class=\"col-sm-9\"><strong>Monika Dommann*<\/strong><br>Z\u00fcrich, Geschichtsprofessorin (Universit\u00e4t Z\u00fcrich)<\/div>\n<div class=\"col-sm-3\">\n<figure><img decoding=\"async\" class=\"img-fluid alignnone wp-image-14298 size-medium\" src=\"https:\/\/presserat.ch\/wp-content\/uploads\/2017\/04\/biber_marianne-240x300.jpg\" alt=\"\" width=\"240\" height=\"300\" srcset=\"https:\/\/presserat.ch\/wp-content\/uploads\/2017\/04\/biber_marianne-240x300.jpg 240w, https:\/\/presserat.ch\/wp-content\/uploads\/2017\/04\/biber_marianne.jpg 562w\" sizes=\"(max-width: 240px) 100vw, 240px\" \/><\/figure><p><\/p>\n<\/div>\n<\/div>\n\n\n\n<div class=\"row\">\n<div class=\"col-12\"><hr><\/div>\n<\/div>\n\n\n\n<div class=\"row\">\n<div class=\"col-sm-9\"><strong>Michael Furger<\/strong><br>Burgdorf, Ressortleiter Hintergrund NZZ am Sonntag<\/div>\n<div class=\"col-sm-3\">\n<figure><img decoding=\"async\" class=\"img-fluid alignnone wp-image-14299 size-medium\" src=\"https:\/\/presserat.ch\/wp-content\/uploads\/2017\/04\/gru\u00cc\u0088ebler_jan-240x300.jpg\" alt=\"\" width=\"240\" height=\"300\" srcset=\"https:\/\/presserat.ch\/wp-content\/uploads\/2017\/04\/gru\u00cc\u0088ebler_jan-240x300.jpg 240w, https:\/\/presserat.ch\/wp-content\/uploads\/2017\/04\/gru\u00cc\u0088ebler_jan.jpg 562w\" sizes=\"(max-width: 240px) 100vw, 240px\" \/><\/figure><p><\/p>\n<\/div>\n<\/div>\n\n\n\n<div class=\"row\">\n<div class=\"col-12\"><hr><\/div>\n<\/div>\n\n\n\n<div class=\"row\">\n<div class=\"col-sm-9\"><strong>Jan Gr\u00fcebler<\/strong><br>Z\u00fcrich, Dienstleiter Nachrichten Schweizer Radio und Fernsehen<\/div>\n<div class=\"col-sm-3\">\n<figure><img decoding=\"async\" class=\"img-fluid alignnone wp-image-14299 size-medium\" src=\"https:\/\/presserat.ch\/wp-content\/uploads\/2017\/04\/gru\u00cc\u0088ebler_jan-240x300.jpg\" alt=\"\" width=\"240\" height=\"300\" srcset=\"https:\/\/presserat.ch\/wp-content\/uploads\/2017\/04\/gru\u00cc\u0088ebler_jan-240x300.jpg 240w, https:\/\/presserat.ch\/wp-content\/uploads\/2017\/04\/gru\u00cc\u0088ebler_jan.jpg 562w\" sizes=\"(max-width: 240px) 100vw, 240px\" \/><\/figure><p><\/p>\n<\/div>\n<\/div>\n\n\n\n<div class=\"row\">\n<div class=\"col-12\"><hr><\/div>\n<\/div>\n\n\n\n<div class=\"row\">\n<div class=\"col-sm-9\"><strong>Simone Rau<\/strong><br>Z\u00fcrich, Reporterin Recherchedesk Tamedia<\/div>\n<div class=\"col-sm-3\"><figure><img decoding=\"async\" class=\"alignnone size-medium wp-image-14369\" src=\"https:\/\/presserat.ch\/wp-content\/uploads\/2018\/06\/Rau_Simone-4-2-240x300.jpg\" alt=\"\" width=\"240\" height=\"300\" srcset=\"https:\/\/presserat.ch\/wp-content\/uploads\/2018\/06\/Rau_Simone-4-2-240x300.jpg 240w, https:\/\/presserat.ch\/wp-content\/uploads\/2018\/06\/Rau_Simone-4-2-768x962.jpg 768w, https:\/\/presserat.ch\/wp-content\/uploads\/2018\/06\/Rau_Simone-4-2-818x1024.jpg 818w\" sizes=\"(max-width: 240px) 100vw, 240px\" \/><\/figure><\/div>\n<\/div>\n\n\n\n<div class=\"row\">\n<div class=\"col-12\"><hr><\/div>\n<\/div>\n\n\n\n<div class=\"row\">\n<div class=\"col-sm-9\"><strong>Hilary von Arx*<\/strong><br>R\u00fcschlikon, Rechtsanw\u00e4ltin<\/div>\n<div class=\"col-sm-3\"><figure><img decoding=\"async\" class=\"alignnone size-medium wp-image-14369\" src=\"https:\/\/presserat.ch\/wp-content\/uploads\/2018\/06\/Rau_Simone-4-2-240x300.jpg\" alt=\"\" width=\"240\" height=\"300\" srcset=\"https:\/\/presserat.ch\/wp-content\/uploads\/2018\/06\/Rau_Simone-4-2-240x300.jpg 240w, https:\/\/presserat.ch\/wp-content\/uploads\/2018\/06\/Rau_Simone-4-2-768x962.jpg 768w, https:\/\/presserat.ch\/wp-content\/uploads\/2018\/06\/Rau_Simone-4-2-818x1024.jpg 818w\" sizes=\"(max-width: 240px) 100vw, 240px\" \/><\/figure><\/div>\n<\/div>\n\n\n\n<div class=\"row\">\n<div class=\"col-12\"><hr><\/div>\n<\/div>\n\n\n\n<p>* Die mit Stern gekennzeichneten Mitglieder sind PublikumsvertreterInnen<\/p>\n\n\n\n<p><\/p>\n","protected":false},"excerpt":{"rendered":"<p>1. Kammer Susan Boos (Pr\u00e4sidentin des Presserats und Pr\u00e4sidentin 1. Kammer) St. Gallen, Journalistin, Buchautorin und Redaktorin Luca Allidi*Ascona, Anwalt Dennis B\u00fchlerBern, Bundeshausredaktor \u00abRepublik\u00bb Ursin CadischChur, Social Media Radiotelevisiun Svizra Rumantscha RTR Michael Herzka, Dr. phil. I*Z\u00fcrich, Institutsleiter Movendo Francesca LuviniLugano, Journalistin Radiotelevisione Svizzera Casper SelgBern, Freier Journalist 2. Kammer Dominique von Burg (Pr\u00e4sident 2. &hellip; <a href=\"https:\/\/presserat.ch\/rm\/der-presserat\/presseratsmitglieder-alt\/\">Continued<\/a><\/p>\n","protected":false},"author":1,"featured_media":0,"parent":11681,"menu_order":0,"comment_status":"closed","ping_status":"closed","template":"","meta":{"footnotes":""},"class_list":["post-11699","page","type-page","status-publish","hentry"],"_links":{"self":[{"href":"https:\/\/presserat.ch\/rm\/wp-json\/wp\/v2\/pages\/11699","targetHints":{"allow":["GET"]}}],"collection":[{"href":"https:\/\/presserat.ch\/rm\/wp-json\/wp\/v2\/pages"}],"about":[{"href":"https:\/\/presserat.ch\/rm\/wp-json\/wp\/v2\/types\/page"}],"author":[{"embeddable":true,"href":"https:\/\/presserat.ch\/rm\/wp-json\/wp\/v2\/users\/1"}],"replies":[{"embeddable":true,"href":"https:\/\/presserat.ch\/rm\/wp-json\/wp\/v2\/comments?post=11699"}],"version-history":[{"count":69,"href":"https:\/\/presserat.ch\/rm\/wp-json\/wp\/v2\/pages\/11699\/revisions"}],"predecessor-version":[{"id":14668,"href":"https:\/\/presserat.ch\/rm\/wp-json\/wp\/v2\/pages\/11699\/revisions\/14668"}],"up":[{"embeddable":true,"href":"https:\/\/presserat.ch\/rm\/wp-json\/wp\/v2\/pages\/11681"}],"wp:attachment":[{"href":"https:\/\/presserat.ch\/rm\/wp-json\/wp\/v2\/media?parent=11699"}],"curies":[{"name":"wp","href":"https:\/\/api.w.org\/{rel}","templated":true}]}}