{"id":11696,"date":"2017-04-05T15:14:36","date_gmt":"2017-04-05T13:14:36","guid":{"rendered":"https:\/\/presserat.ch\/der-presserat\/stiftungsratsmitglieder\/"},"modified":"2026-02-17T09:52:43","modified_gmt":"2026-02-17T08:52:43","slug":"stiftungsratsmitglieder","status":"publish","type":"page","link":"https:\/\/presserat.ch\/rm\/der-presserat\/stiftungsratsmitglieder\/","title":{"rendered":"Stiftungsrat"},"content":{"rendered":"<h3>Stiftungsratspr\u00e4sident<\/h3>\n<p><strong>Daniel Hitzig<\/strong><br \/>\nZ\u00fcrich<br \/>\nFreier Publizist, SRG SSR<\/p>\n<h3>Stiftungsratsausschuss<\/h3>\n<p><strong>Michael Burkard<br \/>\n<\/strong>Bern<strong><br \/>\n<\/strong>Co-Gesch\u00e4ftsf\u00fchrer Impressum<\/p>\n<p><strong>Franziska Engelhardt<\/strong><br \/>\nZ\u00fcrich<br \/>\nFreie Journalistin; SSM<\/p>\n<p><strong>Pia Guggenb\u00fchl<\/strong><br \/>\nZ\u00fcrich<br \/>\nDirektorin Verband Schweizer Medien<\/p>\n<p><strong>Stephanie Vonarburg<\/strong><br \/>\nBern<br \/>\nVizepr\u00e4sidentin Syndicom<\/p>\n<h3>Stiftungsratsmitglieder<\/h3>\n<p><strong>Klaus Bonanomi<\/strong><br \/>\nBern<br \/>\nRedaktor Radio SRF; SSM<\/p>\n<p><strong>Federico Bragagnini<\/strong><br \/>\nBern<br \/>\nChefredaktor ATS; Konferenz der ChefredaktorInnen<\/p>\n<p><strong>Christophe Chaudet<\/strong><br \/>\nCully<br \/>\nDirektor News &amp; Sport, RTS Radio T\u00e9l\u00e9vision Suisse; SRG SSR<\/p>\n<p><strong>Markus Diem Meier<\/strong><br \/>\nZ\u00fcrich<br \/>\nChefredaktor \u00abHandelszeitung\u00bb; Konferenz der ChefredaktorInnen<\/p>\n<p><strong>Martina Fehr<\/strong><br \/>\nChur<br \/>\nDirektorin MAZ;\u00a0Konferenz der ChefredaktorInn<\/p>\n<p><strong>Brigitte H\u00fcrlimann<\/strong><br \/>\nZ\u00fcrich<br \/>\nJournalistin Republik; Syndicom<\/p>\n<p><span style=\"font-weight: 600;\">Fabienne K\u00f6chli<\/span><br \/>\nZ\u00fcrich<br \/>\nProduzentin Redaktion Show SRF; Impressum<\/p>\n<p><strong>Viktor Parma<\/strong><br \/>\nBern<br \/>\nPublizist; Impressum<\/p>\n<p><strong>Beat Soltermann<\/strong><br \/>\nZ\u00fcrich<br \/>\nCo-Chefredaktor Audio\/Digital SRF; SRG SSR<\/p>\n<p><strong>Rainer Stadler<\/strong><br \/>\nZ\u00fcrich<br \/>\nRedaktor infosperber.ch; Impressum<\/p>\n<p><strong>Judith Stofer<\/strong><br \/>\nZ\u00fcrich<br \/>\nGruppensekret\u00e4rin Private Medien &amp; Freischaffende; SSM<\/p>\n","protected":false},"excerpt":{"rendered":"<p>Stiftungsratspr\u00e4sident Daniel Hitzig Z\u00fcrich Freier Publizist, SRG SSR Stiftungsratsausschuss Michael Burkard Bern Co-Gesch\u00e4ftsf\u00fchrer Impressum Franziska Engelhardt Z\u00fcrich Freie Journalistin; SSM Pia Guggenb\u00fchl Z\u00fcrich Direktorin Verband Schweizer Medien Stephanie Vonarburg Bern Vizepr\u00e4sidentin Syndicom Stiftungsratsmitglieder Klaus Bonanomi Bern Redaktor Radio SRF; SSM Federico Bragagnini Bern Chefredaktor ATS; Konferenz der ChefredaktorInnen Christophe Chaudet Cully Direktor News &amp; Sport, &hellip; <a href=\"https:\/\/presserat.ch\/rm\/der-presserat\/stiftungsratsmitglieder\/\">Continued<\/a><\/p>\n","protected":false},"author":1,"featured_media":0,"parent":11681,"menu_order":0,"comment_status":"closed","ping_status":"closed","template":"","meta":{"footnotes":""},"class_list":["post-11696","page","type-page","status-publish","hentry"],"_links":{"self":[{"href":"https:\/\/presserat.ch\/rm\/wp-json\/wp\/v2\/pages\/11696","targetHints":{"allow":["GET"]}}],"collection":[{"href":"https:\/\/presserat.ch\/rm\/wp-json\/wp\/v2\/pages"}],"about":[{"href":"https:\/\/presserat.ch\/rm\/wp-json\/wp\/v2\/types\/page"}],"author":[{"embeddable":true,"href":"https:\/\/presserat.ch\/rm\/wp-json\/wp\/v2\/users\/1"}],"replies":[{"embeddable":true,"href":"https:\/\/presserat.ch\/rm\/wp-json\/wp\/v2\/comments?post=11696"}],"version-history":[{"count":28,"href":"https:\/\/presserat.ch\/rm\/wp-json\/wp\/v2\/pages\/11696\/revisions"}],"predecessor-version":[{"id":20496,"href":"https:\/\/presserat.ch\/rm\/wp-json\/wp\/v2\/pages\/11696\/revisions\/20496"}],"up":[{"embeddable":true,"href":"https:\/\/presserat.ch\/rm\/wp-json\/wp\/v2\/pages\/11681"}],"wp:attachment":[{"href":"https:\/\/presserat.ch\/rm\/wp-json\/wp\/v2\/media?parent=11696"}],"curies":[{"name":"wp","href":"https:\/\/api.w.org\/{rel}","templated":true}]}}