{"id":11687,"date":"2017-08-11T11:00:49","date_gmt":"2017-08-11T09:00:49","guid":{"rendered":"https:\/\/presserat.ch\/kontakt\/impressum\/"},"modified":"2024-02-20T11:26:43","modified_gmt":"2024-02-20T10:26:43","slug":"impressum","status":"publish","type":"page","link":"https:\/\/presserat.ch\/rm\/kontakt\/impressum\/","title":{"rendered":"Impressum"},"content":{"rendered":"<h3>Kontaktadresse<\/h3>\n<p>Schweizer Presserat<br \/>\nPostfach<br \/>\n3000 Bern 8<br \/>\nSchweiz<br \/>\ninfo@presserat.ch<\/p>\n<h3>Vertretungsberechtigte Personen<\/h3>\n<p>Ursina Wey<br \/>\nGesch\u00e4ftsf\u00fchrerin<\/p>\n<p>Martina Fehr<br \/>\nPr\u00e4sidentin Stiftung Schweizer Presserat<\/p>\n<p>Urs Thalmann und Stefan Wabel<br \/>\nVizepr\u00e4sidenten Stiftung Schweizer Presserat<\/p>\n<h3>Handelsregistereintrag<\/h3>\n<p>Eingetragener Firmenname: Fondation Conseil suisse de la presse<br \/>\nNummer: CH-217.1.000.526-0<br \/>\nHandelsregisteramt: Fribourg<\/p>\n<h3>Webseite<\/h3>\n<p><a href=\"http:\/\/www.buero-oh.ch\">B\u00fcro Oh<\/a> \/ T. Steiner<\/p>\n<h3>Bilder<\/h3>\n<p>Die Bilder auf der Website stammen von KEYSTONE; Portr\u00e4ts von Michel B\u00fchrer.<\/p>\n<h1><strong>Datenschutzrichtlinie Schweizer Presserat<\/strong><\/h1>\n<h2><strong>1. Allgemeine Informationen<\/strong><\/h2>\n<p>Datenschutz ist uns ein wichtiges Anliegen. Daher bearbeiten wir Ihre personenbezogenen Daten (\u00abPersonendaten\u00bb) mit grosser Sorgfalt und gem\u00e4ss den anwendbaren gesetzlichen Vorgaben.<\/p>\n<p>Der Schweizer Presserat bearbeitet Ihre Personendaten f\u00fcr unterschiedliche Zwecke und informiert vorliegend transparent \u00fcber diese Datenbearbeitungen.<\/p>\n<p>Unter \u00abPersonendaten\u00bb sind alle Informationen zu verstehen, die mit einer bestimmten oder bestimmbaren nat\u00fcrlichen Person in Verbindung gebracht werden k\u00f6nnen. Unter den Begriff \u00abBearbeiten\u00bb f\u00e4llt jeglicher Umgang mit Personendaten, z.B. beschaffen, bekanntgeben, speichern, l\u00f6schen usw. dieser Daten.<\/p>\n<p>Bitte lesen Sie die ganze Datenschutzerkl\u00e4rung sorgf\u00e4ltig durch. So erfahren Sie, wie und warum wir Ihre Personendaten bearbeiten und welche Rechte Sie im Zusammenhang mit diesen Datenbearbeitungen haben.<\/p>\n<p>Diese Datenschutzerkl\u00e4rung richtet sich nach dem Schweizer Datenschutzgesetz (<strong>DSG<\/strong>). Sodann richtet sie sich auch nach der Europ\u00e4ischen Datenschutz-Grundverordnung (<strong>DSGVO<\/strong>). Es h\u00e4ngt vom individuellen Einzelfall ab, inwiefern \u00fcberhaupt die DSGVO anwendbar ist.<\/p>\n<p>F\u00fcr wen und wann gilt diese Datenschutzerkl\u00e4rung?<\/p>\n<ul>\n<li>Wenn Sie von uns Dienstleistungen oder Produkte beziehen oder vertraglich mit uns in Verbindung stehen;<\/li>\n<li>wenn Sie Besucherinnen und Besucher unserer Website <a href=\"https:\/\/presserat.ch\/rm\/category\/actaul\/\">https:\/\/presserat.ch\/category\/aktuell\/<\/a> sind;<\/li>\n<li>wenn Sie uns kontaktieren, z.B. via E-Mail, Brief oder auch ein anderes Kontakttool;<\/li>\n<li>wenn Sie von uns Informationen erhalten.<\/li>\n<li>Wenn Sie sich als G\u00f6nnerin oder G\u00f6nner melden (<a href=\"https:\/\/presserat.ch\/goennerverein\/\">https:\/\/presserat.ch\/goennerverein\/<\/a> ); eine Spende oder ein Legat t\u00e4tigen (<a href=\"https:\/\/presserat.ch\/goennerverein\/\">https:\/\/presserat.ch\/goennerverein\/<\/a>);<\/li>\n<li>wenn Sie unseren Newsletter abonnieren (<a href=\"https:\/\/presserat.ch\/newsletter\/newsletter-anmeldung\/\">https:\/\/presserat.ch\/newsletter\/newsletter-anmeldung\/<\/a> );<\/li>\n<li>wenn Sie uns via Twitter <a href=\"https:\/\/twitter.com\/PresseratCH\">https:\/\/twitter.com\/PresseratCH<\/a> oder LinkedIn folgen;<\/li>\n<li>wenn Sie im Rahmen von weiteren Datenbearbeitungen, die im Zusammenhang mit unseren Angeboten stehen, mit uns zu tun haben.<\/li>\n<\/ul>\n<h2><strong>2. Verantwortlichkeit<\/strong><\/h2>\n<p>Es ist dasjenige Unternehmen f\u00fcr die Bearbeitung von Personendaten verantwortlich, das festlegt, zu welchem Zweck und mit welchen Mitteln die Bearbeitung erfolgt.<\/p>\n<p>F\u00fcr die Datenbearbeitungen nach dieser Datenschutzerkl\u00e4rung ist folgende Gesellschaft die \u00abVerantwortliche\u00bb im Sinne des DSG, d.h. die datenschutzrechtlich zust\u00e4ndige Stelle, soweit im spezifischen Einzelfall nichts anderes angegeben ist:<\/p>\n<p><strong>Schweizer Presserat<\/strong><\/p>\n<p><strong>\u00a0<\/strong>Bei Anliegen oder Fragen zum Datenschutz k\u00f6nnen Sie uns \u00fcber folgende Adresse kontaktieren:<\/p>\n<p><strong>Schweizer Presserat<br \/>\n<\/strong><strong>Postfach<br \/>\n<\/strong><strong>3000 Bern 8<br \/>\n<\/strong><a href=\"mailto:info@presserat.ch\"><strong>info@presserat.ch<\/strong><\/a><\/p>\n<h2><strong>3. Zu bearbeitende Personendaten<\/strong><\/h2>\n<p>Wir bearbeiten mit Blick auf die unterschiedlichen Zwecke auch unterschiedliche Kategorien von Personendaten.<\/p>\n<p>Viele der folgenden Personendaten geben Sie uns selbst bekannt. Dazu sind Sie in der Regel jedoch nicht verpflichtet.<\/p>\n<p>Falls Sie uns Daten \u00fcber andere Personen bekanntgeben, gehen wir davon aus, dass Sie dazu berechtigt sind und dass diese Daten zudem korrekt sind. Sie best\u00e4tigen dies automatisch, wenn Sie uns Daten dieser Dritten \u00fcbermitteln. Bitte stellen Sie sicher, dass die betroffenen Dritten auf diese Datenschutzerkl\u00e4rung aufmerksam gemacht wurden.<\/p>\n<p>Bei Vertragspartnern, die Unternehmen sind, bearbeiten wir weniger Personendaten \u2013 hier bearbeiten wir insbesondere Daten von Kontaktpersonen der Unternehmen z.B. Name, E-Mail-Adresse, Funktion im Unternehmen, Kommunikations- und allenfalls Bankdaten.<\/p>\n<p>Pers\u00f6nliche Daten werden streng vertraulich behandelt und weder an Dritte verkauft noch weitergegeben. Name und Adresse von Beschwerdef\u00fchrenden werden in der Regel den von einer Beschwerde betroffenen Medien bekanntgegeben.<\/p>\n<p><strong>3.1. Grunddaten und Kontaktinformationen<\/strong><\/p>\n<p>Grunddaten und Kontaktinformationen beziehen sich direkt auf Ihre Person und Eigenschaften z.B., um Sie zu kontaktieren. Wir bearbeiten z.B. die folgenden Grunddaten:<\/p>\n<ul>\n<li>Name, Vorname<\/li>\n<li>Geschlecht, in Form einer Ansprache (keine aktive Erhebung)<\/li>\n<li>Anschrift\/Adresse<\/li>\n<li>E-Mail-Adresse, falls nicht auf postalischem Weg der Korrespondenzweg gew\u00e4hlt wurde<\/li>\n<\/ul>\n<p>Wir erhalten diese Stammdaten direkt von Ihnen beispielsweise im Rahmen Ihrer Beschwerdeeinreichung, aufgrund Ihres G\u00f6nnerbeitrags, einer Spende, eines Legats, Ihrer Newsletter-Anmeldung oder Ihrer anderweitigen Kontaktaufnahme.<\/p>\n<p>Wir k\u00f6nnen unter bestimmten Bedingungen aber auch Personendaten von Dritten beiziehen, wie z.B. von unseren Vertragspartnern, Verb\u00e4nden und aus \u00f6ffentlich zug\u00e4nglichen Quellen wie z.B. aus dem Internet.<\/p>\n<p><strong>3.2. Vertragsdaten<\/strong><\/p>\n<p>Vertragsdaten sind Angaben, die im Zusammenhang mit der Vertragsabwicklung anfallen. Wir bearbeiten folgende Daten:<\/p>\n<ul>\n<li>Angaben aus dem Vorfeld eines Vertragsabschlusses und Angaben zum Vertragsschluss selbst (z.B. zum Vertragsgegenstand), sowie die zur Abwicklung erforderlichen oder verwendeten Angaben<\/li>\n<li>Datum, Angaben \u00fcber Art und Dauer sowie Konditionen des betreffenden Vertrags, Daten zur Beendigung des Vertrags<\/li>\n<li>Angaben zu Zahlungen und Zahlungsmodalit\u00e4ten, gegenseitigen Forderungen<\/li>\n<li>Angaben zu Beanstandungen, Angaben \u00fcber Kundenzufriedenheit, Beschwerden, R\u00fcckmeldungen<\/li>\n<\/ul>\n<p><strong>3.3. Kommunikations- und Informationsdaten <\/strong><\/p>\n<p>Im Rahmen eines Beschwerdeverfahrens fallen Kommunikationsdaten an. Das sind Daten, die im Zusammenhang mit der Kommunikation im Rahmen des Beschwerdeverfahrens mit Ihnen entstehen, z.B. sind dies folgende Daten:<\/p>\n<ul>\n<li>Vorname, Nachname<\/li>\n<li>Kontaktangaben wie Postadresse<\/li>\n<li>Unterschrift<\/li>\n<li>Allenfalls E-Mail-Adresse<\/li>\n<li>Inhalt der gesamten Korrespondenz<\/li>\n<li>Angaben zu Art, Zeit und weiteren Randdaten der Kommunikation<\/li>\n<\/ul>\n<p>Diese Daten stehen im Zusammenhang mit Ihrem Beschwerdeverfahren.<\/p>\n<p>Die Stellungnahmen des Presserats (<a href=\"https:\/\/presserat.ch\/complaints\">https:\/\/presserat.ch\/complaints<\/a>) enthalten Sachverhalt, Erw\u00e4gungen, Feststellungen sowie gegebenenfalls eine Zusammenfassung und werden auf der Website des Presserats ver\u00f6ffentlicht. Beschwerdef\u00fchrende Parteien werden in der Regel anonymisiert, es sei denn, es handle sich um Personen des \u00f6ffentlichen Lebens bzw. die Person habe ihr Einverst\u00e4ndnis zur Ver\u00f6ffentlichung ihres Namens im Rahmen der Berichterstattung erteilt.<\/p>\n<p><strong>3.4. Kommunikationsdaten bei Besuch Presseratssitzung<\/strong><\/p>\n<p>Im Rahmen unseres Auftrags bieten wir f\u00fcr Journalistinnen und Journalisten sowie Studierenden zu Ausbildungszwecken die M\u00f6glichkeit, der Diskussion einer Kammer des Presserats beizuwohnen. Ausgeschlossen sind Besucher, die zur Redaktion des von einer Beschwerde betroffenen Mediums oder zur beschwerdef\u00fchrenden Partei geh\u00f6ren. Eine Anmeldung wird schriftlich via Mail unter <a href=\"mailto:info@presserat.ch\">info@presserat.ch<\/a> entgegengenommen. Dabei sind Name, Vorname, Funktion und gew\u00fcnschtes Besuchsdatum anzugeben. Bei einem Besuch hat die besuchende Person eine Vertraulichkeitserkl\u00e4rung zu unterzeichnen. Diese wird archiviert.<\/p>\n<p><strong>3.5 Standortdaten und technische Daten<\/strong><\/p>\n<p>Wenn Sie unsere Website besuchen, werden technische Daten erfasst. Dazu z\u00e4hlen z.B. folgende Daten:<\/p>\n<ul>\n<li>Standort- und Verkehrsdaten<\/li>\n<li>IP-Adresse des Endger\u00e4ts und Ger\u00e4te-ID<\/li>\n<li>Angaben \u00fcber Ihr Ger\u00e4t, das Betriebssystem Ihres Endger\u00e4ts<\/li>\n<li>Angaben \u00fcber Ihren Internetprovider<\/li>\n<li>Aufgerufene Inhalte bzw. Protokolle, in denen die Nutzung unserer Systeme<\/li>\n<li>aufgezeichnet wird<\/li>\n<li>Datum und Zeit des Zugriffs auf die Website<\/li>\n<\/ul>\n<p>Diese Nutzungsdaten bilden die Basis f\u00fcr statistische, anonyme Auswertungen, so dass Trends erkennbar sind, anhand derer wir unsere Angebote entsprechend verbessern k\u00f6nnen.<\/p>\n<p>Zudem wird ein Cookie verwendet, um die gew\u00e4hlte Sprache zu memorieren und die letzte verwendete Seite zwischenzuspeichern.<\/p>\n<p>Die Mailadressen der Empf\u00e4ngerin bzw. des Empf\u00e4ngers unseres Newsletters werden allein zum Versand dieses Newsletters verwendet. Abmeldungen k\u00f6nnen jederzeit an:<br \/>\n<a href=\"mailto:info@presserat.ch\">info@presserat.ch<\/a> gerichtet werden.<\/p>\n<p><strong>3.6 Weitere m\u00f6gliche Daten<\/strong><\/p>\n<p>Je nach Notwendigkeit k\u00f6nnen wir sodann auch folgende weitere Daten bearbeiten:<\/p>\n<ul>\n<li>Wir k\u00f6nnen Fotos oder Videos bearbeiten, in denen Sie erkennbar sein k\u00f6nnen (z.B. von Events).<\/li>\n<li>Wir k\u00f6nnen Daten dar\u00fcber erheben, wer und wann an Anl\u00e4ssen teilnimmt.<\/li>\n<\/ul>\n<h2><strong>4. Zwecke unserer Datenbearbeitung<\/strong><\/h2>\n<p>Wir bearbeiten Personendaten von Ihnen, soweit erlaubt, f\u00fcr unterschiedliche Zwecke, an denen wir ein dem Zweck entsprechendes berechtigtes Interesse haben:<\/p>\n<ul>\n<li>Zur Beschwerdeaufnahme, -pr\u00fcfung, Entscheid \u00fcber Eintreten, Ver\u00f6ffentlichung der Stellungnahme (<a href=\"https:\/\/presserat.ch\/complaints\/\">https:\/\/presserat.ch\/complaints\/<\/a>)<\/li>\n<li>F\u00fcr die Kommunikation im Zusammenhang mit dem Beschwerdeverfahren<\/li>\n<li>F\u00fcr die interne Administration (z.B. im Rahmen der Buchhaltung oder der Archivierung von Daten)<\/li>\n<li>Zur Einhaltung rechtlicher Anforderungen (z.B. zur Bearbeitung von Beschwerden, Verhinderung und Aufkl\u00e4rung von Straftaten oder sonstigem Fehlverhalten)<\/li>\n<li>Geltendmachung rechtlicher Anspr\u00fcche (falls notwendig bearbeiten wir Personendaten auch, um Anspr\u00fcche gerichtlich, aussergerichtlich und vor Beh\u00f6rden im In- und Ausland durchzusetzen oder uns gegen Rechtsanspr\u00fcche zu wehren)<\/li>\n<\/ul>\n<h2><strong>5. Datenbearbeitungen im Zusammenhang mit Social Media<\/strong><\/h2>\n<p>Wenn Sie via Social Media und auf unseren dortigen Profilen, z.B. X (vormals Twitter), LinkedIn usw. mit uns in Kontakt treten, Inhalte kommentieren oder Posts weiterverbreiten, erheben wir dazu Angaben.<\/p>\n<p>Der jeweilige Anbieter einer Social Media Plattform erhebt bei Ihrem Besuch auf unserem Profil im \u00dcbrigen auch selbst Daten. Weitere Informationen zur Datenbearbeitung durch einen Social-Media-Anbieter selbst finden Sie in der jeweiligen Datenschutzerkl\u00e4rungen dieses Anbieters.<\/p>\n<p>Wir bieten Ihnen auf unserer Website die M\u00f6glichkeit zur Nutzung eines sog. Social-Media-Plugins von Facebook, LinkedIn und X, um Funktionen des jeweiligen Anbieters auf unserer Website einzubinden. Diese Plugins sind standardm\u00e4ssig deaktiviert, werden jedoch dann aktiviert, wenn Sie auf das Social-Media-Icon auf der Website klicken.<\/p>\n<p>Sie k\u00f6nnen Auskunftsgesuche und andere Betroffenenanfragen im Zusammenhang mit diesen Social-Media-Anbietern direkt an den betreffenden Anbieter richten.<\/p>\n<h2><strong>6. Datenbekanntgabe an weitere Empf\u00e4nger<\/strong><\/h2>\n<p>Wir geben Ihre Personendaten Dienstleistern bekannt. Das betrifft insbesondere IT-Dienstleister, kann aber \u2013 wo notwendig \u2013 Analysedienstleister und weitere Dienstleister betreffen. Soweit diese Dienstleister Personendaten als Auftragsbearbeiter bearbeiten, sind sie verpflichtet, Personendaten ausschliesslich nach unseren Instruktionen zu bearbeiten und Massnahmen zur Datensicherheit zu treffen.<\/p>\n<p>Daten k\u00f6nnen sodann auch an andere Empf\u00e4nger bekanntgegeben werden, z.B. an Gerichte, Beh\u00f6rden im Rahmen von Gerichtsverfahren.<\/p>\n<p>In Einzelf\u00e4llen ist es m\u00f6glich, dass wir Personendaten an andere Dritte auch zu deren eigenen Zwecken weitergeben, z.B. wenn Sie uns dazu Ihre Einwilligung gegeben haben oder wenn wir zu einer Weitergabe gesetzlich verpflichtet oder berechtigt sind.<\/p>\n<h2><strong>7. Dauer der Datenbearbeitungen<\/strong><\/h2>\n<p>Wir speichern und bearbeiten Ihre Personendaten,<\/p>\n<ul>\n<li>solange es f\u00fcr den Zweck der Bearbeitung erforderlich ist (bei Daten im Zusammenhang mit Vertr\u00e4gen normalerweise f\u00fcr die Dauer der Vertragsbeziehung),<\/li>\n<li>solange wir ein berechtigtes Interesse an der Speicherung der Daten haben (z.B. um rechtliche Anspr\u00fcche durchzusetzen oder um die IT-Sicherheit sicherzustellen) und<\/li>\n<li>falls Daten einer gesetzlichen Aufbewahrungspflicht unterliegen (f\u00fcr bestimmte Daten gilt z.B. eine zehnj\u00e4hrige Aufbewahrungsfrist, die wir zwingend einhalten m\u00fcssen).<\/li>\n<\/ul>\n<p>Wir vernichten oder anonymisieren keine Personendaten; es sei denn, dass Sie Ihr Recht auf L\u00f6schung (siehe unter 9. Betroffenenrechte) geltend gemacht haben.<\/p>\n<h2><strong>8. <\/strong><strong>Rechtsgrundlagen gem\u00e4ss DSGVO f\u00fcr die Datenbearbeitungen<\/strong><\/h2>\n<p>Je nachdem ist eine Datenbearbeitung nur dann erlaubt, wenn das anwendbare Recht es spezifisch erlaubt. Das gilt nicht nach dem schweizerischen Datenschutzrecht, jedoch nach der Europ\u00e4ischen DSGVO, soweit diese zur Anwendung gelangt. In diesem Fall st\u00fctzen wir die Bearbeitung Ihrer Personendaten auf folgende Rechtsgrundlagen:<\/p>\n<ul>\n<li>auf Ihre Einwilligung (Art. 6 Abs. 1 lit. a und Art. 9 Abs. 2 lit. a DSGVO);<\/li>\n<li>dass die Bearbeitung f\u00fcr die Vertragserf\u00fcllung oder vorvertragliche Massnahmen notwendig ist (Art. 6 Abs. 1 lit. b DSGVO)<\/li>\n<li>die Bearbeitung ist f\u00fcr ein berechtigtes Interesse an der Datenverarbeitung erforderlich (Art. 6 Abs. 1 lit. f DSGVO)<\/li>\n<li>dass die Bearbeitung f\u00fcr die Geltendmachung oder Abwehr von Rechtsanspr\u00fcchen oder Zivilprozessen notwendig ist (Art. 6 Abs. 1 lit. f und Art. 9 Abs. 2 lit. f DSGVO)<\/li>\n<li>dass die Bearbeitung f\u00fcr die Einhaltung von in- oder ausl\u00e4ndischen Rechtsvorschriften notwendig ist (Art. 6 Abs. 1 lit. c und lit. f sowie Art. 9 Abs. 2 lit. g DSGVO)<\/li>\n<\/ul>\n<h2><strong>9. Betroffenenrechte<\/strong><\/h2>\n<p>Sie haben im Rahmen des anwendbaren Datenschutzrechts bestimmte Rechte, damit Sie weitere Informationen \u00fcber unsere Datenbearbeitung beziehen und auf diese einwirken k\u00f6nnen.<\/p>\n<p>Das sind insbesondere die folgenden Rechte:<\/p>\n<p>Sie haben ein <strong>Auskunftsrecht<\/strong>. Das heisst, Sie k\u00f6nnen Informationen \u00fcber unsere<\/p>\n<p>Datenbearbeitung verlangen. Daf\u00fcr stehen wir Ihnen gerne zur Verf\u00fcgung. Sie k\u00f6nnen auch ein sog. Auskunftsbegehren stellen, wenn Sie weitere Informationen und eine Kopie Ihrer Daten w\u00fcnschen.<\/p>\n<p>Sie haben ein <strong>\u00dcbertragungsrecht<\/strong>. Das heisst, Sie haben das Recht, die Personendaten, die Sie uns bereitgestellt haben, in einem strukturierten, g\u00e4ngigen und maschinenlesbaren Format zu erhalten oder an einen Dritten \u00fcbertragen zu lassen, soweit die entsprechende Datenbearbeitung auf Ihrer Einwilligung beruht oder zur Vertragserf\u00fcllung erforderlich ist.<\/p>\n<p>Sie haben ein <strong>Recht auf L\u00f6schung und Widerspruch<\/strong>. Das heisst, Sie k\u00f6nnen gegen unsere Datenbearbeitung einen Widerspruch einlegen, sodass wir Ihre Daten nicht mehr bearbeiten k\u00f6nnen. Sie k\u00f6nnen sodann verlangen, dass wir Ihre Personendaten l\u00f6schen. Wir weisen Sie jedoch darauf hin, dass wir Ihre Daten weiterhin bearbeiten und aufbewahren, wenn wir dazu verpflichtet sind.<\/p>\n<p>Sie haben ein <strong>Recht auf Berichtigung<\/strong>. Das heisst, Sie k\u00f6nnen falsche oder unvollst\u00e4ndige Personendaten berichtigen bzw. vervollst\u00e4ndigen oder sodann durch einen sog. Bestreitungsvermerk versehen lassen.<\/p>\n<p>Sie haben ein <strong>Recht auf Widerruf<\/strong>. Das heisst, Sie k\u00f6nnen jederzeit Ihre Einwilligung<\/p>\n<p>widerrufen, sofern Sie vorg\u00e4ngig Ihre Einwilligung f\u00fcr eine Datenbearbeitung gegeben haben. Der Widerruf gilt ab diesem Moment, das heisst nur f\u00fcr die Zukunft und nicht f\u00fcr die Vergangenheit. Es kann sein, dass wir Ihre Daten f\u00fcr den Fall Ihres Widerrufs aber weiterhin gest\u00fctzt auf eine andere Grundlage bearbeiten.<\/p>\n<p>Wenn Sie Ihre Betroffenenrechte geltend machen, m\u00fcssen wir Ihre Identit\u00e4t pr\u00fcfen (dies geschieht bspw. durch Zustellen einer Ausweiskopie). Die aufgef\u00fchrten Betroffenenrechte unterliegen sodann gesetzlichen Voraussetzungen und Beschr\u00e4nkungen. Das bedeutet, dass die Rechteaus\u00fcbung nicht in jedem Fall vollumf\u00e4nglich m\u00f6glich ist. Beispielsweise m\u00fcssen wir Ihre Personendaten nach wie vor weiterbearbeiten, um einen Auftrag mit Ihnen zu erf\u00fcllen, um eigene schutzw\u00fcrdige Interessen zu wahren oder um gesetzlichen Verpflichtungen gerecht zu werden.<\/p>\n<p>Soweit es rechtlich zul\u00e4ssig ist (z.B. zum Schutz der Privatsph\u00e4re von Drittpersonen sowie zur Wahrung eigener, schutzw\u00fcrdiger Interessen wie das Vorliegen von Gesch\u00e4ftsgeheimnissen), k\u00f6nnen wir Ihre Rechteaus\u00fcbung einschr\u00e4nken oder verweigern. Es sei im \u00dcbrigen erw\u00e4hnt, dass Sie auch die M\u00f6glichkeit haben, mit Ihrem Anliegen an die zust\u00e4ndige Datenschutzbeh\u00f6rde zu gelangen.<\/p>\n<h2><strong>10. Stand der Datenschutzerkl\u00e4rung<\/strong><\/h2>\n<p>Diese Datenschutzerkl\u00e4rung ist auf dem neusten Stand und datiert vom 20.02.2024.<\/p>\n","protected":false},"excerpt":{"rendered":"<p>Kontaktadresse Schweizer Presserat Postfach 3000 Bern 8 Schweiz info@presserat.ch Vertretungsberechtigte Personen Ursina Wey Gesch\u00e4ftsf\u00fchrerin Martina Fehr Pr\u00e4sidentin Stiftung Schweizer Presserat Urs Thalmann und Stefan Wabel Vizepr\u00e4sidenten Stiftung Schweizer Presserat Handelsregistereintrag Eingetragener Firmenname: Fondation Conseil suisse de la presse Nummer: CH-217.1.000.526-0 Handelsregisteramt: Fribourg Webseite B\u00fcro Oh \/ T. Steiner Bilder Die Bilder auf der Website stammen &hellip; <a href=\"https:\/\/presserat.ch\/rm\/kontakt\/impressum\/\">Continued<\/a><\/p>\n","protected":false},"author":1,"featured_media":0,"parent":11683,"menu_order":0,"comment_status":"closed","ping_status":"closed","template":"","meta":{"footnotes":""},"class_list":["post-11687","page","type-page","status-publish","hentry"],"_links":{"self":[{"href":"https:\/\/presserat.ch\/rm\/wp-json\/wp\/v2\/pages\/11687","targetHints":{"allow":["GET"]}}],"collection":[{"href":"https:\/\/presserat.ch\/rm\/wp-json\/wp\/v2\/pages"}],"about":[{"href":"https:\/\/presserat.ch\/rm\/wp-json\/wp\/v2\/types\/page"}],"author":[{"embeddable":true,"href":"https:\/\/presserat.ch\/rm\/wp-json\/wp\/v2\/users\/1"}],"replies":[{"embeddable":true,"href":"https:\/\/presserat.ch\/rm\/wp-json\/wp\/v2\/comments?post=11687"}],"version-history":[{"count":9,"href":"https:\/\/presserat.ch\/rm\/wp-json\/wp\/v2\/pages\/11687\/revisions"}],"predecessor-version":[{"id":17692,"href":"https:\/\/presserat.ch\/rm\/wp-json\/wp\/v2\/pages\/11687\/revisions\/17692"}],"up":[{"embeddable":true,"href":"https:\/\/presserat.ch\/rm\/wp-json\/wp\/v2\/pages\/11683"}],"wp:attachment":[{"href":"https:\/\/presserat.ch\/rm\/wp-json\/wp\/v2\/media?parent=11687"}],"curies":[{"name":"wp","href":"https:\/\/api.w.org\/{rel}","templated":true}]}}