{"id":10903,"date":"2017-08-11T11:00:49","date_gmt":"2017-08-11T09:00:49","guid":{"rendered":"https:\/\/presserat.ch\/kontakt\/impressum\/"},"modified":"2024-02-22T13:20:09","modified_gmt":"2024-02-22T12:20:09","slug":"impressum","status":"publish","type":"page","link":"https:\/\/presserat.ch\/it\/kontakt\/impressum\/","title":{"rendered":"Impressum"},"content":{"rendered":"<h3>Contatti<\/h3>\n<p>Consiglio svizzero della stampa<br \/>\nCasella postale<br \/>\n3000 Berna 8<br \/>\n<a href=\"mailto:info@presserat.ch\">info@presserat.ch<\/a><\/p>\n<h3>Persone con diritto di firma<\/h3>\n<p>Ursina Wey<br \/>\nDirettrice<\/p>\n<p>Martina Fehr<br \/>\nPresidente della Fondazione Consiglio svizzero della stampa<\/p>\n<p>Urs Thalmann et Stefan Wabel<br \/>\nVicepresidente della Fondazione Consiglio svizzero della stampa<\/p>\n<h3>Iscrizione a Registro di commercio<\/h3>\n<p>Titolare dell\u2019iscrizione: Fondazione Consiglio svizzero della stampa<br \/>\nNumero: CH-217.1.000.526-0<br \/>\nUfficio dei Registri: Friburgo<\/p>\n<h3>Copertina<\/h3>\n<p><a href=\"http:\/\/www.buero-oh.ch\">B\u00fcro Oh<\/a> \/ Tobias Steiner<\/p>\n<h3>Immagini<\/h3>\n<p>Le immagini della copertina sono della KEYSTONE; le foto personali di Michel B\u00fchrer.<\/p>\n<h1>Direttiva sulla protezione dei dati del Consiglio svizzero della stampa<\/h1>\n<h2><strong>1. Informazioni generali<\/strong><\/h2>\n<p>La protezione dei dati \u00e8 per noi una questione importante, motivo per il quale trattiamo i suoi dati personali (\u00abDati personali\u00bb) con estrema attenzione e in conformit\u00e0 alle disposizioni legali applicabili.<\/p>\n<p>Il Consiglio svizzero della stampa tratta i suoi dati personali per scopi diversi e fornisce informazioni trasparenti su tale trattamento dei dati.<\/p>\n<p>Per \u00abdati personali\u00bb s\u2019intendono tutte le informazioni concernenti una persona fisica specifica o identificabile. Il termine \u00abtrattamento\u00bb include qualsiasi operazione relativa ai dati personali, come ad esempio la raccolta, la comunicazione, l&#8217;archiviazione, la cancellazione, ecc. di questi dati.<\/p>\n<p>La preghiamo di leggere attentamente l&#8217;intera informativa di protezione dei dati personali. In essa le sar\u00e0 spiegato come e perch\u00e9 trattiamo i suoi dati personali e quali diritti ha riguardo a tale trattamento.<\/p>\n<p>La presente informativa sui dati personali si basa sulla Legge svizzera sulla protezione dei dati (LPD). Si fonda altres\u00ec sul Regolamento europeo sulla protezione dei dati (GDPR). L\u2019applicabilit\u00e0 del GDPR dipende dal singolo caso.<\/p>\n<p>A chi e quando si applica la presente dichiarazione sulla protezione dei dati personali?<\/p>\n<ul>\n<li>Quando lei acquista da noi servizi o prodotti oppure ha con noi un rapporto contrattuale;<\/li>\n<li>quando visita il nostro sito web <a href=\"https:\/\/presserat.ch\/it\/category\/aktuell-it\/\">https:\/\/presserat.ch\/category\/aktuell\/<\/a>;<\/li>\n<li>quando ci contatta, ad esempio via e-mail, lettera o tramite un altro strumento di contatto;<\/li>\n<li>quando riceve informazioni da parte nostra.<\/li>\n<li>quando si registra come benefattore\/benefattrice (https:\/\/presserat.ch\/goennerverein\/); quando fa una donazione o un lascito (https:\/\/presserat.ch\/goennerverein\/);<\/li>\n<li>quando si abbona alla nostra newsletter (<a href=\"https:\/\/presserat.ch\/newsletter\/newsletter-anmeldung\/\">https:\/\/presserat.ch\/newsletter\/newsletter-anmeldung\/<\/a> );<\/li>\n<li>quando ci segue su Twitter <a href=\"https:\/\/twitter.com\/PresseratCH\">https:\/\/twitter.com\/PresseratCH<\/a> o su LinkedIn;<\/li>\n<li>se ha rapporti con noi nell&#8217;ambito di un&#8217;ulteriore elaborazione dei dati in relazione alle nostre offerte.<\/li>\n<\/ul>\n<h2><strong>2. Responsabilit\u00e0<\/strong><\/h2>\n<p>La societ\u00e0 responsabile del trattamento dei dati personali determina per quale scopo e con quali mezzi viene effettuato il trattamento.<\/p>\n<p>Per il trattamento dei dati ai sensi della presente informativa sulla protezione dei dati, detta societ\u00e0 \u00e8 la \u00abresponsabile\u00bb in conformit\u00e0 all\u2019LPD, ovvero all&#8217;autorit\u00e0 competente in materia di protezione dei dati, salvo diversa indicazione in casi specifici:<\/p>\n<p><strong>Consiglio svizzero della stampa<\/strong><\/p>\n<p>In caso di dubbi o domande sulla protezione dei dati, pu\u00f2 contattarci al seguente indirizzo:<\/p>\n<p><strong>Schweizer Presserat<br \/>\n<\/strong><strong>Postfach<br \/>\n<\/strong><strong>3000 Bern 8<br \/>\n<\/strong><a href=\"mailto:info@presserat.ch\"><strong>info@presserat.ch<\/strong><\/a><\/p>\n<h2><strong>3. Dati personali da trattare<\/strong><\/h2>\n<p>Trattiamo inoltre diverse categorie di dati personali tenendo conto di scopi diversi.<\/p>\n<p>\u00c8 lei stessa\/o a fornirci molti dei suoi dati personali, anche se di solito non ha l\u2019obbligo di farlo.<\/p>\n<p>Se ci fornisce i dati di altre persone, presumiamo che sia stata\/o autorizzata\/o a farlo e che tali dati siano corretti. La conferma avviene automaticamente nel momento in cui ci comunica i dati di terzi. La preghiamo di assicurarsi che le terze persone interessate, siano a conoscenza di questa informativa sulla protezione dei dati personali.<\/p>\n<p>Per i partner contrattuali che sono aziende, trattiamo un numero minore di dati personali. In questi casi trattiamo in particolare i dati delle persone di contatto delle aziende, ad esempio nome, indirizzo e-mail, funzione all\u2019interno dell\u2019azienda, comunicazione ed eventualmente dati bancari.<\/p>\n<p>I dati personali sono trattati in modo strettamente confidenziale e non vengono venduti o ceduti a terzi. Il nome e l&#8217;indirizzo dei reclamanti vengono di norma comunicati ai media oggetto di un reclamo.<\/p>\n<p><strong>3.1. Dati di base e informazioni di contatto<\/strong><\/p>\n<p>I dati di base e le informazioni di contatto fanno diretto riferimento alla sua persona e alle sue caratteristiche, come ad esempio il contattarla. Trattiamo ad esempio i seguenti dati di base:<\/p>\n<ul>\n<li>Cognome, nome<\/li>\n<li>Genere, sottoforma di richiesta per l\u2019intestazione v(nessuna indagine attiva)<\/li>\n<li>Indirizzo<\/li>\n<li>Indirizzo e-mail, nel caso in cui non sia stata scelta la corrispondenza cartacea via posta.<\/li>\n<\/ul>\n<p>Riceviamo questi dati anagrafici direttamente da lei, ad esempio quando presenta un reclamo, fa un contributo, una donazione o un lascito, s\u2019iscrive alla nostra newsletter o ci contatta in un altro modo. Tuttavia, a determinate condizioni, possiamo anche ottenere dati personali da terzi, come ad esempio i nostri partner contrattuali, associazioni e fonti accessibili al pubblico come Internet.<\/p>\n<p><strong>3.2. Dati contrattuali<\/strong><\/p>\n<p>I dati contrattuali sono informazioni relative all&#8217;adempimento del contratto. Trattiamo i seguenti dati:<\/p>\n<ul>\n<li>Informazioni relative alla fase di preparazione alla stipula di un contratto e informazioni relative alla stipula del contratto in s\u00e9 (ad esempio riguardanti l&#8217;oggetto del contratto), nonch\u00e9 le informazioni necessarie o utilizzate per l\u2019elaborazione dei dati.<\/li>\n<li>Data, informazioni sul tipo e la durata del contratto cos\u00ec come condizioni del contratto in questione e dati sulla risoluzione del contratto.<\/li>\n<li>Informazioni su pagamenti e modalit\u00e0 di pagamento cos\u00ec come richieste reciproche.<\/li>\n<li>Informazioni su contestazioni, sulla soddisfazione dei clienti, reclami, riscontri.<\/li>\n<\/ul>\n<p><strong>3.3. Dati di comunicazione e informazione<\/strong><\/p>\n<p>I dati di comunicazione vengono raccolti come parte di una procedura di reclamo. Si tratta di dati che emergono in relazione alla comunicazione con lei in quanto utente, in relazione alla procedura di reclamo, come ad esempio i dati seguenti:<\/p>\n<ul>\n<li>Nome e cognome<\/li>\n<li>Dati di contatto come l\u2019indirizzo postale<\/li>\n<li>Firma<\/li>\n<li>Eventualmente l\u2019indirizzo e-mail<\/li>\n<li>Contenuto di tutta la corrispondenza<\/li>\n<li>Informazioni sul tipo, l&#8217;ora e altri dati marginali della comunicazione<\/li>\n<\/ul>\n<p>Questi dati sono relativi alla sua procedura di reclamo.<\/p>\n<p>Le prese di posizione del Consiglio della stampa (<a href=\"https:\/\/presserat.ch\/complaints\">https:\/\/presserat.ch\/complaints<\/a>) contengono i fatti, le considerazioni, gli accertamenti, eventualmente una sintesi del caso e sono pubblicati sul sito web del Consiglio della stampa.<\/p>\n<p>Le parti che hanno presentato il reclamo sono generalmente rese in modo anonimo, a meno che non si tratti di personaggi pubblici oppure che la persona reclamante abbia dato il proprio consenso alla pubblicazione del suo nome all\u2019interno del resoconto.<\/p>\n<p><strong>3.4. Dati relativi alle comunicazioni in caso di assistenza a una riunione del Consiglio della stampa<\/strong><\/p>\n<p>Nell&#8217;ambito del nostro mandato, offriamo a giornalisti\/e e studenti\/studentesse la possibilit\u00e0 di assistere a scopo didattico alla riunione di una camera del Consiglio della stampa. Sono esclusi ospiti che appartengano alla redazione di un mezzo di comunicazione interessato da un reclamo o alla parte reclamante. Le iscrizioni si accettano per iscritto via e-mail all&#8217;indirizzo <a href=\"mailto:info@presserat.ch\">info@presserat.ch<\/a>. Si prega d\u2019indicare il proprio cognome, il nome, la funzione e la data desiderata per la visita. In occasione della visita, il visitatore\/la visitatrice dovr\u00e0 firmare una dichiarazione di riservatezza che verr\u00e0 archiviata.<\/p>\n<p><strong>3.5 Dati di localizzazione e dati tecnici <\/strong><\/p>\n<p>Quando visitate il nostro sito web, vengono raccolti dati tecnici, che includono ad esempio i seguenti dati:<\/p>\n<ul>\n<li>Dati relativi all\u2019ubicazione e al traffico<\/li>\n<li>Indirizzo IP del terminale e ID del dispositivo<\/li>\n<li>Dati sul suo dispositivo; il sistema operativo del suo terminale<\/li>\n<li>Dati sul suo provider internet<\/li>\n<li>Contenuti a cui si accede o log in cui viene registrato l&#8217;utilizzo dei nostri sistemi<\/li>\n<li>Data e ora di accesso al sito web<\/li>\n<\/ul>\n<p>Questi dati di utilizzo costituiscono la base per valutazioni statistiche anonime, in modo da poter identificare le tendenze e di conseguenza migliorare le nostre offerte.<\/p>\n<p>Inoltre, viene utilizzato un cookie per ricordare la lingua selezionata e memorizzare nella cache l&#8217;ultima pagina utilizzata.<\/p>\n<p>Gli indirizzi e-mail delle destinatarie e dei destinatari della nostra newsletter sono utilizzati esclusivamente per l&#8217;invio di questa newsletter, la cui cancellazione pu\u00f2 essere effettuata in qualsiasi momento scrivendo a: <a href=\"mailto:info@presserat.ch\">info@presserat.ch<\/a><\/p>\n<p><strong>3.6 Altri possibili dati<\/strong><\/p>\n<p>A seconda delle necessit\u00e0, possiamo elaborare i seguenti dati aggiuntivi:<\/p>\n<ul>\n<li>Fotografie o video in cui \u00e8 possibile riconoscerla (ad esempio in occasione di eventi).<\/li>\n<li>Dati su chi e quando partecipa agli eventi.<\/li>\n<\/ul>\n<h2><strong>4. Finalit\u00e0 del nostro trattamento dei dati<\/strong><\/h2>\n<p>Ove consentito, trattiamo i suoi dati personali con varie finalit\u00e0, per le quali abbiamo un interesse legittimo, il quale corrisponde ai seguenti scopi:<\/p>\n<ul>\n<li>Registrazione ed esame del reclamo, decisione d\u2019entrata in merito o meno e pubblicazione della presa di posizione (<a href=\"https:\/\/presserat.ch\/complaints\/\">https:\/\/presserat.ch\/complaints\/<\/a>).<\/li>\n<li>Comunicazioni relative alla procedura di reclamo.<\/li>\n<li>Amministrazione interna (ad esempio nel contesto della contabilit\u00e0 o dell&#8217;archiviazione dei dati).<\/li>\n<li>Rispetto dei requisiti legali (ad esempio per l\u2019elaborazione dei reclami, la prevenzione e l\u2019accertamento di reati o altri comportamenti scorretti).<\/li>\n<\/ul>\n<p>Rivendicazione di diritti legali (se necessario, trattiamo i dati personali anche per far valere diritti in sede giudiziale e extragiudiziale e dinanzi alle autorit\u00e0 in Svizzera e all&#8217;estero o per difenderci da rivendicazioni legali).<\/p>\n<h2><strong>5. Trattamento dei dati in relazione ai social media<\/strong><\/h2>\n<p>Se ci contatta tramite i nostri profili sui social media, ad esempio X (ex Twitter), LinkedIn, ecc., nel caso in cui lei commenti contenuti o condivida posts, raccogliamo informazioni al riguardo.<\/p>\n<p>Inoltre, quando visita il nostro profilo, anche il rispettivo provider di una piattaforma di social media raccoglie dati.<\/p>\n<p>Ulteriori informazioni sul trattamento dei dati da parte di un fornitore di social media, sono disponibili nelle rispettive dichiarazioni sulla protezione dei dati dello stesso.<\/p>\n<p>Sul nostro sito web vi offriamo la possibilit\u00e0 di utilizzare un cosiddetto social media plugin di Facebook, LinkedIn e X per integrare le funzioni dei rispettivi provider sul nostro sito web. Questi plugin sono disattivati per impostazione predefinita, ma vengono attivati quando clicca sull&#8217;icona del social media sul sito web.<\/p>\n<p>Pu\u00f2 rivolgere direttamente al provider interessato, le richieste d\u2019informazioni e altre richieste in relazione a questi provider di social media.<\/p>\n<h2><strong>6. Divulgazione dei dati ad altri destinatari<\/strong><\/h2>\n<p>Comunichiamo i vostri dati personali a fornitori di servizi. Ci\u00f2 riguarda in particolare i fornitori di servizi IT, ma pu\u00f2 riguardare, se necessario, fornitori di servizi di analisi e altri fornitori di servizi. Se questi fornitori di servizi trattano i dati personali in qualit\u00e0 di responsabili del trattamento, sono tenuti a trattare i dati personali esclusivamente in conformit\u00e0 alle nostre istruzioni e ad adottare misure che garantiscano la sicurezza dei dati.<\/p>\n<p>I dati possono quindi essere comunicati anche ad altri destinatari, ad esempio, nell&#8217;ambito di procedimenti giudiziari a tribunali e autorit\u00e0.<\/p>\n<p>In alcuni casi, possiamo condividere i dati personali con altre terze parti per i loro scopi, ad esempio se lei ci ha dato il suo consenso o se siamo legalmente obbligati o autorizzati a farlo.<\/p>\n<h2><strong>7. Durata del trattamento dati<\/strong><\/h2>\n<p>Salviamo e trattiamo i suoi dati personali<\/p>\n<ul>\n<li>per tutto il tempo necessario allo scopo del trattamento (nel caso di dati relativi a contratti, di norma per la durata del rapporto contrattuale),<\/li>\n<li>per tutto il tempo in cui abbiamo un interesse legittimo a conservare i dati (ad esempio, per far valere i diritti legali o per garantire la sicurezza IT) e<\/li>\n<li>se i dati sono soggetti a un obbligo legale di conservazione (per alcuni dati esiste ad esempio un periodo di conservazione di dieci anni, al quale dobbiamo attenerci rigorosamente).<\/li>\n<\/ul>\n<p>Non distruggiamo n\u00e9 rendiamo anonimi i dati personali, a meno che lei non abbia esercitato il suo diritto alla cancellazione (cfr. 9. Diritti della persona interessata).<\/p>\n<h2><strong>8. Basi giuridiche ai sensi del GDPR per il trattamento dei dati<\/strong><\/h2>\n<p>A seconda dei casi, il trattamento dei dati \u00e8 consentito solo se la legge applicabile lo permette espressamente. Questo non vale per la legge svizzera sulla protezione dei dati, ma vale per il GDPR europeo, nella misura in cui \u00e8 applicabile. In questo caso, il trattamento dei vostri dati personali si attiene alle seguenti basi giuridiche:<\/p>\n<ul>\n<li>il consenso (art. 6 par. 1 lett. a e art. 9 par. 2 lett. a GDPR);<\/li>\n<li>il trattamento \u00e8 necessario per l&#8217;esecuzione del contratto o di misure precontrattuali (art. 6 par. 2 lett. b GDPR);<\/li>\n<li>il trattamento \u00e8 necessario per un legittimo interesse al trattamento dei dati (art. 6 par. 1 lett. f GDPR);<\/li>\n<li>il trattamento \u00e8 necessario per far valere o difendere diritti legali o procedimenti civili (art. 6 par. 1 lett. f e art. 9 par. 2 lett. f GDPR);<\/li>\n<li>il trattamento \u00e8 necessario per adempiere a disposizioni di legge nazionali o estere (art. 6 par. 1 lett. c e lett. f nonch\u00e9 art. 9 par. 2 lett. g GDPR).<\/li>\n<\/ul>\n<h2><strong>9. Diritti della persona interessata<\/strong><\/h2>\n<p>Ai sensi della legge sulla protezione dei dati, lei ha il diritto di ottenere ulteriori informazioni sul nostro trattamento dei dati e di influire su di esso.<\/p>\n<p>Si tratta in particolare dei seguenti diritti:<\/p>\n<p><strong>Diritto di accesso<\/strong>. Ci\u00f2 significa che pu\u00f2 richiedere informazioni sul nostro trattamento dei dati. In proposito, siamo a sua completa disposizione.<\/p>\n<p>Se desidera ulteriori informazioni e una copia dei propri dati, ha inoltre la possibilit\u00e0 di presentare una cosiddetta richiesta d\u2019informazioni.<strong>\u00a0<\/strong><\/p>\n<p><strong>Diritto di trasferimento dei dati<\/strong>. Ci\u00f2 significa che ha diritto di ricevere i dati personali che ci ha fornito, in un formato strutturato e comunemente utilizzato da un dispositivo automatico oppure di trasferirli a terzi, a condizione che il relativo trattamento dei dati si basi sul vostro consenso o sia necessario per l&#8217;adempimento del contratto.<\/p>\n<p><strong>Diritto alla cancellazione e all&#8217;opposizione<\/strong>. Ci\u00f2 significa che pu\u00f2 opporsi al nostro trattamento dei dati, in modo che non potremo pi\u00f9 trattarli. In seguito pu\u00f2 richiedere la cancellazione dei suoi dati personali. Tuttavia, desideriamo sottolineare che continueremo a trattare e memorizzare i suoi dati se saremo obbligati a farlo.<\/p>\n<p><strong>Diritto di rettifica<\/strong>. Ci\u00f2 significa che pu\u00f2 far correggere o completare i dati personali errati o incompleti, oppure farli etichettare con una cosiddetta nota di diniego.<\/p>\n<p><strong>Diritto di revoca<\/strong>. Ci\u00f2 significa che pu\u00f2 revocare il suo consenso in qualsiasi momento, se in precedenza aveva dato il suo consenso al trattamento dei dati.<\/p>\n<p>La revoca si applica a partire da momento in cui lei la richiede, vale a dire solo per il futuro e non per il passato.<\/p>\n<p>Tuttavia, nel caso di una sua revoca, potremmo continuare a trattare i suoi dati su una base diversa.<\/p>\n<p>Se lei fa valere i suoi diritti in qualit\u00e0 di persona interessata, dobbiamo verificare la sua identit\u00e0 (ad esempio mediante l\u2019invio di una copia del suo documento d&#8217;identit\u00e0).<\/p>\n<p>I diritti elencati delle persone interessate sono quindi soggetti a requisiti e restrizioni legali. Ci\u00f2 significa, che l\u2019esercizio dei diritti non \u00e8 sempre pienamente possibile. Ad esempio, dobbiamo continuare a trattare i suoi dati personali per soddisfare un mandato nei suoi confronti, per tutelare i nostri interessi legittimi oppure per adempiere a obblighi di legge.<\/p>\n<p>Nella misura consentita dalla legge (ad esempio per proteggere la privacy di terzi e per tutelare i nostri interessi meritevoli di protezione, come l&#8217;esistenza di segreti aziendali), possiamo limitare o rifiutare l&#8217;esercizio dei suoi diritti.<\/p>\n<p>Le facciamo notare che ha inoltre anche la possibilit\u00e0 di rivolgersi all&#8217;autorit\u00e0 competente per la protezione dei dati.<\/p>\n<h2><strong>10. Informativa sulla tutela dei dati personali<\/strong><\/h2>\n<p>La presente dichiarazione sulla protezione dei dati \u00e8 stata aggiornata e datata il 20.02.2024.<\/p>\n","protected":false},"excerpt":{"rendered":"<p>Contatti Consiglio svizzero della stampa Casella postale 3000 Berna 8 info@presserat.ch Persone con diritto di firma Ursina Wey Direttrice Martina Fehr Presidente della Fondazione Consiglio svizzero della stampa Urs Thalmann et Stefan Wabel Vicepresidente della Fondazione Consiglio svizzero della stampa Iscrizione a Registro di commercio Titolare dell\u2019iscrizione: Fondazione Consiglio svizzero della stampa Numero: CH-217.1.000.526-0 Ufficio &hellip; <a href=\"https:\/\/presserat.ch\/it\/kontakt\/impressum\/\">Continua<\/a><\/p>\n","protected":false},"author":1,"featured_media":0,"parent":10528,"menu_order":0,"comment_status":"closed","ping_status":"closed","template":"","meta":{"footnotes":""},"class_list":["post-10903","page","type-page","status-publish","hentry"],"_links":{"self":[{"href":"https:\/\/presserat.ch\/it\/wp-json\/wp\/v2\/pages\/10903","targetHints":{"allow":["GET"]}}],"collection":[{"href":"https:\/\/presserat.ch\/it\/wp-json\/wp\/v2\/pages"}],"about":[{"href":"https:\/\/presserat.ch\/it\/wp-json\/wp\/v2\/types\/page"}],"author":[{"embeddable":true,"href":"https:\/\/presserat.ch\/it\/wp-json\/wp\/v2\/users\/1"}],"replies":[{"embeddable":true,"href":"https:\/\/presserat.ch\/it\/wp-json\/wp\/v2\/comments?post=10903"}],"version-history":[{"count":17,"href":"https:\/\/presserat.ch\/it\/wp-json\/wp\/v2\/pages\/10903\/revisions"}],"predecessor-version":[{"id":17695,"href":"https:\/\/presserat.ch\/it\/wp-json\/wp\/v2\/pages\/10903\/revisions\/17695"}],"up":[{"embeddable":true,"href":"https:\/\/presserat.ch\/it\/wp-json\/wp\/v2\/pages\/10528"}],"wp:attachment":[{"href":"https:\/\/presserat.ch\/it\/wp-json\/wp\/v2\/media?parent=10903"}],"curies":[{"name":"wp","href":"https:\/\/api.w.org\/{rel}","templated":true}]}}