{"id":10333,"date":"2017-04-05T15:14:36","date_gmt":"2017-04-05T13:14:36","guid":{"rendered":"https:\/\/presserat.ch\/il-consiglio-della-stampa\/stiftungsratsmitglieder\/"},"modified":"2026-02-17T09:53:20","modified_gmt":"2026-02-17T08:53:20","slug":"stiftungsratsmitglieder","status":"publish","type":"page","link":"https:\/\/presserat.ch\/it\/il-consiglio-della-stampa\/stiftungsratsmitglieder\/","title":{"rendered":"Consiglio di fondazione"},"content":{"rendered":"<h3>Presidente<\/h3>\n<p><strong>Daniel Hitzig<\/strong><br \/>\nZurigo<br \/>\nPubblicista indipendente, SRG SSR<\/p>\n<h3>Comitato del Consiglio di fondazione<\/h3>\n<p style=\"font-weight: 400;\"><strong>Michael Burkard<br \/>\n<\/strong>Berna<strong><br \/>\n<\/strong>Co-direttore Impressum<\/p>\n<p><strong>Franziska Engelhardt<\/strong><br \/>\nZurigo<br \/>\nGiornalista indipendente; SSM<\/p>\n<p style=\"font-weight: 400;\"><strong>Pia Guggenb\u00fchl<\/strong><br \/>\nZurigo<br \/>\nDirettrice Verband Schweizer Medien<\/p>\n<p><strong>Stephanie Vonarburg<\/strong><br \/>\nBerna<br \/>\nVicepresidente Syndicom<\/p>\n<h3>Membri del Consiglio di fondazione<\/h3>\n<p><strong>Klaus Bonanomi<\/strong><br \/>\nBern<br \/>\nRedattore Radio SRF; SSM<\/p>\n<p><strong>Federico Bragagnini<br \/>\n<\/strong>Berna<br \/>\nDirettore \u00abATS; Conferenza dei direttori media<\/p>\n<p><strong>Christophe Chaudet<\/strong><br \/>\nCully<br \/>\nDirettore Attualit\u00e0 &amp; Sport, RTS Radio T\u00e9l\u00e9vision Suisse; SRG SSR<\/p>\n<p><strong>Markus Diem Meier<\/strong><br \/>\nZurigo<br \/>\nDirettore \u00abHandelszeitung\u00bb; Conferenza dei direttori media<\/p>\n<p><strong>Martina Fehr<\/strong><br \/>\nCoira<br \/>\nDirettrice MAZ; Conferenza dei direttori media<\/p>\n<p><strong>Brigitte H\u00fcrlimann<\/strong><br \/>\nZurigo<br \/>\nGiornalista Republik; Syndicom<\/p>\n<p><span style=\"font-weight: 600;\">Fabienne K\u00f6chli<\/span><br \/>\nZurigo<br \/>\nProduttrice redazione Show SRF; Impressum<\/p>\n<p><strong>Viktor Parma<\/strong><br \/>\nBerna<br \/>\nGiornalista; Impressum<\/p>\n<p><strong>Gi\u00f2 Rezzonico<\/strong><br \/>\nLocarno<br \/>\nEditore; Stampa Svizzera<\/p>\n<p><strong>Beat Soltermann<\/strong><br \/>\nZurigo<br \/>\nCo-Direttore Audio\/Digital SRF; SRG SSR<\/p>\n<p><strong>Rainer Stadler<\/strong><br \/>\nZurigo<br \/>\nRedattore infosperber.ch; Impressum<\/p>\n<p><strong>Judith Stofer<\/strong><br \/>\nZurigo<br \/>\nSegretaria del Gruppo media privati e freelance SSM<\/p>\n","protected":false},"excerpt":{"rendered":"<p>Presidente Daniel Hitzig Zurigo Pubblicista indipendente, SRG SSR Comitato del Consiglio di fondazione Michael Burkard Berna Co-direttore Impressum Franziska Engelhardt Zurigo Giornalista indipendente; SSM Pia Guggenb\u00fchl Zurigo Direttrice Verband Schweizer Medien Stephanie Vonarburg Berna Vicepresidente Syndicom Membri del Consiglio di fondazione Klaus Bonanomi Bern Redattore Radio SRF; SSM Federico Bragagnini Berna Direttore \u00abATS; Conferenza dei &hellip; <a href=\"https:\/\/presserat.ch\/it\/il-consiglio-della-stampa\/stiftungsratsmitglieder\/\">Continua<\/a><\/p>\n","protected":false},"author":1,"featured_media":0,"parent":10267,"menu_order":0,"comment_status":"closed","ping_status":"closed","template":"","meta":{"footnotes":""},"class_list":["post-10333","page","type-page","status-publish","hentry"],"_links":{"self":[{"href":"https:\/\/presserat.ch\/it\/wp-json\/wp\/v2\/pages\/10333","targetHints":{"allow":["GET"]}}],"collection":[{"href":"https:\/\/presserat.ch\/it\/wp-json\/wp\/v2\/pages"}],"about":[{"href":"https:\/\/presserat.ch\/it\/wp-json\/wp\/v2\/types\/page"}],"author":[{"embeddable":true,"href":"https:\/\/presserat.ch\/it\/wp-json\/wp\/v2\/users\/1"}],"replies":[{"embeddable":true,"href":"https:\/\/presserat.ch\/it\/wp-json\/wp\/v2\/comments?post=10333"}],"version-history":[{"count":23,"href":"https:\/\/presserat.ch\/it\/wp-json\/wp\/v2\/pages\/10333\/revisions"}],"predecessor-version":[{"id":20498,"href":"https:\/\/presserat.ch\/it\/wp-json\/wp\/v2\/pages\/10333\/revisions\/20498"}],"up":[{"embeddable":true,"href":"https:\/\/presserat.ch\/it\/wp-json\/wp\/v2\/pages\/10267"}],"wp:attachment":[{"href":"https:\/\/presserat.ch\/it\/wp-json\/wp\/v2\/media?parent=10333"}],"curies":[{"name":"wp","href":"https:\/\/api.w.org\/{rel}","templated":true}]}}