{"id":17743,"date":"2024-03-06T08:30:00","date_gmt":"2024-03-06T07:30:00","guid":{"rendered":"https:\/\/presserat.ch\/code-de-deontologie-des-journalistes\/leitfaden-test\/"},"modified":"2024-03-05T10:16:19","modified_gmt":"2024-03-05T09:16:19","slug":"ia_lignesdirectrices","status":"publish","type":"page","link":"https:\/\/presserat.ch\/fr\/journalistenkodex\/ia_lignesdirectrices\/","title":{"rendered":"Intelligence artificielle"},"content":{"rendered":"\n<p class=\"has-large-font-size\"><strong>Lignes directrices<\/strong><\/p>\n\n\n\n<p>L\u2019intelligence artificielle (IA) induit de nouvelles opportunit\u00e9s et des d\u00e9fis pour le journalisme.<\/p>\n\n\n\n<p>Les programmes d&rsquo;IA g\u00e9n\u00e9ratifs, en particulier, sont en mesure de produire divers contenus vraisemblables (texte, image, son) qui induisent un fort \u00abeffet de r\u00e9el\u00bb. Les journalistes doivent donc faire preuve de vigilance et de retenue dans l&rsquo;utilisation de ces programmes afin de garantir un journalisme fiable.<\/p>\n\n\n\n<p>La \u00abD\u00e9claration des devoirs et des droits du\/de la journaliste\u00bb (ci-apr\u00e8s: \u00abD\u00e9claration\u00bb) contient de nombreuses directives qui s&rsquo;appliquent \u00e0 l&rsquo;utilisation correcte des programmes d&rsquo;IA g\u00e9n\u00e9ratifs.<\/p>\n\n\n\n<p>Dans ce cadre, le Conseil suisse de la presse note:<\/p>\n\n\n\n<p><strong>1.<\/strong> Les journalistes et les r\u00e9dactions sont toujours responsables, en dernier ressort, du respect des normes d\u00e9ontologiques pour les textes, images, audios, vid\u00e9os et autres \u00e9l\u00e9ments g\u00e9n\u00e9r\u00e9s artificiellement. Les textes ou \u00e9l\u00e9ments de texte produits au moyen de programmes d&rsquo;IA ne doivent donc \u00eatre utilis\u00e9s qu\u2019en toute connaissance de cause et doivent \u00eatre strictement v\u00e9rifi\u00e9s avant leur publication, selon les crit\u00e8res journalistiques usuels (v\u00e9racit\u00e9, exactitude, fiabilit\u00e9). La d\u00e9marche journalistique, avec ou sans IA, exige la recherche de la v\u00e9rit\u00e9 et requiert un traitement correct des sources.<\/p>\n\n\n\n<ul class=\"wp-block-list\">\n<li><a href=\"https:\/\/presserat.ch\/fr\/journalistenkodex\/erklaerungen\/\">Chiffre 1<\/a> de la \u00abD\u00e9claration\u00bb \/ <a href=\"https:\/\/presserat.ch\/fr\/journalistenkodex\/richtlinien\/\">directive 1.1<\/a> (recherche de la v\u00e9rit\u00e9)<\/li>\n\n\n\n<li><a href=\"https:\/\/presserat.ch\/fr\/journalistenkodex\/erklaerungen\/\">Chiffre 3<\/a> de la \u00abD\u00e9claration\u00bb \/ <a href=\"https:\/\/presserat.ch\/fr\/journalistenkodex\/richtlinien\/\">directive 3.1<\/a> (traitement des sources)<\/li>\n<\/ul>\n\n\n\n<p><strong>2. <\/strong>Les contenus cr\u00e9\u00e9s \u00e0 l&rsquo;aide d&rsquo;un programme d&rsquo;intelligence artificielle doivent \u00eatre signal\u00e9s comme tels. Le Conseil de la presse recommande la plus grande transparence en la mati\u00e8re. Les r\u00e9dactions doivent indiquer de mani\u00e8re explicite o\u00f9 et comment elles utilisent des instruments d&rsquo;IA.<\/p>\n\n\n\n<p><strong>3.<\/strong> Les sources sur lesquelles se basent les contenus g\u00e9n\u00e9r\u00e9s artificiellement doivent \u00eatre connues, \u00e9valu\u00e9es et mentionn\u00e9es dans la m\u00eame mesure que pour un sujet journalistique \u00abtraditionnel\u00bb.<\/p>\n\n\n\n<ul class=\"wp-block-list\">\n<li><a href=\"https:\/\/presserat.ch\/fr\/journalistenkodex\/erklaerungen\/\">Chiffre 3<\/a> de la \u00abD\u00e9claration\u00bb \/ <a href=\"https:\/\/presserat.ch\/fr\/journalistenkodex\/richtlinien\/\">directive 3.1<\/a> (traitement des sources)<\/li>\n<\/ul>\n\n\n\n<p><strong>4.<\/strong> Les images, sons ou vid\u00e9os ainsi produits ne doivent jamais induire en erreur ou pr\u00eater \u00e0 confusion en raison de leur ressemblance avec le r\u00e9el.<\/p>\n\n\n\n<ul class=\"wp-block-list\">\n<li><a href=\"https:\/\/presserat.ch\/fr\/journalistenkodex\/erklaerungen\/\">Chiffre 4<\/a> de la \u00abD\u00e9claration\u00bb<\/li>\n<\/ul>\n\n\n\n<p><strong>5.<\/strong> Aucune donn\u00e9e confidentielle, personnelle ou autrement sensible ne doit \u00eatre introduite dans les programmes d&rsquo;IA sans que le contr\u00f4le de l\u2019utilisation ult\u00e9rieure des donn\u00e9es ne soit pleinement garanti. Il convient de v\u00e9rifier si l&rsquo;utilisation des donn\u00e9es personnelles fournies par les programmes d&rsquo;IA est autoris\u00e9e.<\/p>\n\n\n\n<ul class=\"wp-block-list\">\n<li><a href=\"https:\/\/presserat.ch\/fr\/journalistenkodex\/erklaerungen\/\">Chiffre 7<\/a> de la \u00abD\u00e9claration\u00bb<\/li>\n<\/ul>\n\n\n\n<p><strong>6.<\/strong> Les droits d&rsquo;auteur devant \u00eatre respect\u00e9s,&nbsp;les contenus (textes, images, audios, vid\u00e9os et autres \u00e9l\u00e9ments) qu&rsquo;un programme d&rsquo;IA reprend de sources existantes doivent \u00eatre cit\u00e9s lors de leur publication, selon les crit\u00e8res habituels.<\/p>\n\n\n\n<ul class=\"wp-block-list\">\n<li><a href=\"https:\/\/presserat.ch\/fr\/journalistenkodex\/erklaerungen\/\">Chiffre 4<\/a> de la \u00abD\u00e9claration\u00bb \/ <a href=\"https:\/\/presserat.ch\/fr\/journalistenkodex\/richtlinien\/\">directive 4.7<\/a> (plagiat)<\/li>\n<\/ul>\n\n\n\n<p>Le Conseil de la presse est conscient de l&rsquo;\u00e9volution tr\u00e8s rapide dans ce domaine et r\u00e9examinera r\u00e9guli\u00e8rement ses <a>lignes directrices<\/a> ainsi que ses directives (devoirs et droits) en les adaptant si n\u00e9cessaire.<\/p>\n\n\n\n<p>(Adopt\u00e9 par le pl\u00e9num le 17 janvier 2024)<\/p>\n","protected":false},"excerpt":{"rendered":"<p>Lignes directrices L\u2019intelligence artificielle (IA) induit de nouvelles opportunit\u00e9s et des d\u00e9fis pour le journalisme. Les programmes d&rsquo;IA g\u00e9n\u00e9ratifs, en particulier, sont en mesure de produire divers contenus vraisemblables (texte, image, son) qui induisent un fort \u00abeffet de r\u00e9el\u00bb. Les journalistes doivent donc faire preuve de vigilance et de retenue dans l&rsquo;utilisation de ces programmes &hellip; <a href=\"https:\/\/presserat.ch\/fr\/journalistenkodex\/ia_lignesdirectrices\/\">Suite<\/a><\/p>\n","protected":false},"author":4,"featured_media":0,"parent":9804,"menu_order":0,"comment_status":"closed","ping_status":"closed","template":"","meta":{"footnotes":""},"class_list":["post-17743","page","type-page","status-publish","hentry"],"_links":{"self":[{"href":"https:\/\/presserat.ch\/fr\/wp-json\/wp\/v2\/pages\/17743","targetHints":{"allow":["GET"]}}],"collection":[{"href":"https:\/\/presserat.ch\/fr\/wp-json\/wp\/v2\/pages"}],"about":[{"href":"https:\/\/presserat.ch\/fr\/wp-json\/wp\/v2\/types\/page"}],"author":[{"embeddable":true,"href":"https:\/\/presserat.ch\/fr\/wp-json\/wp\/v2\/users\/4"}],"replies":[{"embeddable":true,"href":"https:\/\/presserat.ch\/fr\/wp-json\/wp\/v2\/comments?post=17743"}],"version-history":[{"count":17,"href":"https:\/\/presserat.ch\/fr\/wp-json\/wp\/v2\/pages\/17743\/revisions"}],"predecessor-version":[{"id":17864,"href":"https:\/\/presserat.ch\/fr\/wp-json\/wp\/v2\/pages\/17743\/revisions\/17864"}],"up":[{"embeddable":true,"href":"https:\/\/presserat.ch\/fr\/wp-json\/wp\/v2\/pages\/9804"}],"wp:attachment":[{"href":"https:\/\/presserat.ch\/fr\/wp-json\/wp\/v2\/media?parent=17743"}],"curies":[{"name":"wp","href":"https:\/\/api.w.org\/{rel}","templated":true}]}}