{"id":10781,"date":"2017-05-24T15:39:56","date_gmt":"2017-05-24T13:39:56","guid":{"rendered":"https:\/\/presserat.ch\/kontakt\/besuch-einer-sitzung-des-presserates\/"},"modified":"2025-07-07T12:57:30","modified_gmt":"2025-07-07T10:57:30","slug":"besuch-einer-sitzung-des-presserates","status":"publish","type":"page","link":"https:\/\/presserat.ch\/en\/kontakt\/besuch-einer-sitzung-des-presserates\/","title":{"rendered":"Besuch einer Presseratssitzung"},"content":{"rendered":"<p>Journalistinnen und Journalisten sowie Studierende haben zum Zweck der Aus- und Weiterbildung die M\u00f6glichkeit, die Diskussionen einer Kammer des Presserats zu verfolgen. Die Besucherinnen und Besucher verpflichten sich schriftlich, die Vertraulichkeit zu wahren. Die Teilnahme ist auf einen Fall beschr\u00e4nkt. Ausgeschlossen sind Besucher, die zur Redaktion des von der Beschwerde betroffenen Mediums oder zur beschwerdef\u00fchrenden Partei geh\u00f6ren. Anmeldung per E-Mail an <a href=\"mailto:info@presserat.ch\">info@presserat.ch<\/a><\/p>\n<p>N\u00e4chste Sitzungen:<\/p>\n<ul>\n<li>21. August 2025, 14:00, 2. Kammer (Genf oder Neuch\u00e2tel)<\/li>\n<li>22. August 2025, 10:00, 1. Kammer (online)<\/li>\n<li>29. August 2025, 10:00, 3. Kammer (online)<\/li>\n<li>23. September 2025, 10:15, 3. Kammer (Z\u00fcrich)<\/li>\n<li>20. Oktober 2025, 12:15, 1. Kammer (Ascona)<\/li>\n<li>11. November 2025, 10:15, 3. Kammer (Z\u00fcrich)<\/li>\n<li>5. Januar 2026, 9:00, 1. Kammer (online)<\/li>\n<\/ul>\n","protected":false},"excerpt":{"rendered":"<p>Journalistinnen und Journalisten sowie Studierende haben zum Zweck der Aus- und Weiterbildung die M\u00f6glichkeit, die Diskussionen einer Kammer des Presserats zu verfolgen. Die Besucherinnen und Besucher verpflichten sich schriftlich, die Vertraulichkeit zu wahren. Die Teilnahme ist auf einen Fall beschr\u00e4nkt. Ausgeschlossen sind Besucher, die zur Redaktion des von der Beschwerde betroffenen Mediums oder zur beschwerdef\u00fchrenden &hellip; <a href=\"https:\/\/presserat.ch\/en\/kontakt\/besuch-einer-sitzung-des-presserates\/\">Continued<\/a><\/p>\n","protected":false},"author":1,"featured_media":0,"parent":10778,"menu_order":0,"comment_status":"closed","ping_status":"closed","template":"","meta":{"footnotes":""},"class_list":["post-10781","page","type-page","status-publish","hentry"],"_links":{"self":[{"href":"https:\/\/presserat.ch\/en\/wp-json\/wp\/v2\/pages\/10781","targetHints":{"allow":["GET"]}}],"collection":[{"href":"https:\/\/presserat.ch\/en\/wp-json\/wp\/v2\/pages"}],"about":[{"href":"https:\/\/presserat.ch\/en\/wp-json\/wp\/v2\/types\/page"}],"author":[{"embeddable":true,"href":"https:\/\/presserat.ch\/en\/wp-json\/wp\/v2\/users\/1"}],"replies":[{"embeddable":true,"href":"https:\/\/presserat.ch\/en\/wp-json\/wp\/v2\/comments?post=10781"}],"version-history":[{"count":28,"href":"https:\/\/presserat.ch\/en\/wp-json\/wp\/v2\/pages\/10781\/revisions"}],"predecessor-version":[{"id":19871,"href":"https:\/\/presserat.ch\/en\/wp-json\/wp\/v2\/pages\/10781\/revisions\/19871"}],"up":[{"embeddable":true,"href":"https:\/\/presserat.ch\/en\/wp-json\/wp\/v2\/pages\/10778"}],"wp:attachment":[{"href":"https:\/\/presserat.ch\/en\/wp-json\/wp\/v2\/media?parent=10781"}],"curies":[{"name":"wp","href":"https:\/\/api.w.org\/{rel}","templated":true}]}}