{"id":10762,"date":"2017-04-05T14:28:04","date_gmt":"2017-04-05T12:28:04","guid":{"rendered":"https:\/\/presserat.ch\/der-presserat\/organisation\/"},"modified":"2017-08-09T14:27:39","modified_gmt":"2017-08-09T12:27:39","slug":"organisation","status":"publish","type":"page","link":"https:\/\/presserat.ch\/en\/der-presserat\/organisation\/","title":{"rendered":"Organisation"},"content":{"rendered":"<p><img decoding=\"async\" class=\"alignnone size-medium wp-image-9496\" src=\"https:\/\/presserat.ch\/wp-content\/uploads\/2017\/04\/Redesign_PR_Organigramm3.svg\" alt=\"\" width=\"100%\" \/><\/p>\n<p>Der Schweizer Presserat besteht aus 21 Mitgliedern. Sechs Mitglieder sind Publikumsvertreter, welche keinen Medienberuf aus\u00fcben. Die \u00fcbrigen Presseratsmitglieder sind Medienschaffende. Im Presserat sind alle Sprachregionen der Schweiz vertreten. Das Gremium tagt in drei siebenk\u00f6pfigen Kammern. Sie diskutieren und beurteilen die eingegangenen Beschwerden auf Basis der \u00abErkl\u00e4rung der Pflichten und Rechte der Journalistinnen und Journalisten\u00bb. Der Schweizer Presserat arbeitet mit Ombudsstellen von Schweizer Medien, mit ausl\u00e4ndischen Presser\u00e4ten und weiteren \u00e4hnlichen Institutionen zusammen. Die Stiftung \u00abSchweizer Presserat\u00bb gew\u00e4hrleistet die finanziellen, inhaltlichen und organisatorischen Grundlagen des Schweizer Presserates. Die Tr\u00e4ger der Stiftung sind:<\/p>\n<ul>\n<li>Impressum, Die Schweizer JournalistInnen<\/li>\n<li>SSM, Syndikat Schweizer Medienschaffender<\/li>\n<li>Syndicom<\/li>\n<li>Verein \u00abKonferenz der Chefredaktoren\u00bb<\/li>\n<li>Verlegerverband \u00abSchweizer Medien\u00bb<\/li>\n<li>SRG SSR<\/li>\n<\/ul>\n<p>Die Tr\u00e4ger sind entsprechend ihrer Zuwendung mit einer gewissen Anzahl Mitglieder im Stiftungsrat vertreten. Der Stiftungsrat tritt mindestens einmal j\u00e4hrlich zusammen und besteht aus 18 Mitgliedern.<\/p>\n<p>Die Gesch\u00e4ftsstelle organisiert die Arbeit des Presserats und der drei Kammern. Zudem ist sie Ansprechpartnerin f\u00fcr Beschwerdef\u00fchrende, Journalisten, Verleger, Partner und f\u00fcr die \u00d6ffentlichkeit.<\/p>\n","protected":false},"excerpt":{"rendered":"<p>Der Schweizer Presserat besteht aus 21 Mitgliedern. Sechs Mitglieder sind Publikumsvertreter, welche keinen Medienberuf aus\u00fcben. Die \u00fcbrigen Presseratsmitglieder sind Medienschaffende. Im Presserat sind alle Sprachregionen der Schweiz vertreten. Das Gremium tagt in drei siebenk\u00f6pfigen Kammern. Sie diskutieren und beurteilen die eingegangenen Beschwerden auf Basis der \u00abErkl\u00e4rung der Pflichten und Rechte der Journalistinnen und Journalisten\u00bb. Der &hellip; <a href=\"https:\/\/presserat.ch\/en\/der-presserat\/organisation\/\">Continued<\/a><\/p>\n","protected":false},"author":1,"featured_media":0,"parent":10741,"menu_order":0,"comment_status":"closed","ping_status":"closed","template":"","meta":{"footnotes":""},"class_list":["post-10762","page","type-page","status-publish","hentry"],"_links":{"self":[{"href":"https:\/\/presserat.ch\/en\/wp-json\/wp\/v2\/pages\/10762","targetHints":{"allow":["GET"]}}],"collection":[{"href":"https:\/\/presserat.ch\/en\/wp-json\/wp\/v2\/pages"}],"about":[{"href":"https:\/\/presserat.ch\/en\/wp-json\/wp\/v2\/types\/page"}],"author":[{"embeddable":true,"href":"https:\/\/presserat.ch\/en\/wp-json\/wp\/v2\/users\/1"}],"replies":[{"embeddable":true,"href":"https:\/\/presserat.ch\/en\/wp-json\/wp\/v2\/comments?post=10762"}],"version-history":[{"count":1,"href":"https:\/\/presserat.ch\/en\/wp-json\/wp\/v2\/pages\/10762\/revisions"}],"predecessor-version":[{"id":10763,"href":"https:\/\/presserat.ch\/en\/wp-json\/wp\/v2\/pages\/10762\/revisions\/10763"}],"up":[{"embeddable":true,"href":"https:\/\/presserat.ch\/en\/wp-json\/wp\/v2\/pages\/10741"}],"wp:attachment":[{"href":"https:\/\/presserat.ch\/en\/wp-json\/wp\/v2\/media?parent=10762"}],"curies":[{"name":"wp","href":"https:\/\/api.w.org\/{rel}","templated":true}]}}