{"id":10756,"date":"2017-07-19T15:52:23","date_gmt":"2017-07-19T13:52:23","guid":{"rendered":"https:\/\/presserat.ch\/der-presserat\/links\/"},"modified":"2018-01-10T11:36:02","modified_gmt":"2018-01-10T10:36:02","slug":"links","status":"publish","type":"page","link":"https:\/\/presserat.ch\/en\/der-presserat\/links\/","title":{"rendered":"Links"},"content":{"rendered":"<h3>Tr\u00e4ger der Stiftung \u201eSchweizer Presserat\u201c<\/h3>\n<p><a href=\"https:\/\/www.impressum.ch\">Impressum<\/a><\/p>\n<p><a href=\"https:\/\/www.ssm-site.ch\">SSM <\/a><\/p>\n<p><a href=\"https:\/\/www.syndicom.ch\">Syndicom <\/a><\/p>\n<p><a href=\"https:\/\/www.chefredaktoren.ch\">Verein \u00abKonferenz der Chefredaktoren\u00bb <\/a><\/p>\n<p><a href=\"https:\/\/www.schweizermedien.ch\">Verband Schweizer Medien <\/a><\/p>\n<p><a href=\"https:\/\/www.srgd.ch\">SRG SSR<\/a><\/p>\n<h3><\/h3>\n<h3>Medien-Ombudsstellen in der Schweiz<\/h3>\n<p><a href=\"https:\/\/www.srgd.ch\/uber-uns\/ombudsstelle\/\">SRG Deutschschweiz<\/a><\/p>\n<p><a href=\"https:\/\/www.rtsr.ch\/organe-de-mediation\">SSR Suisse Romande<\/a><\/p>\n<p><a href=\"https:\/\/www.corsi-rsi.ch\/CORSI\/Il-mediatore-RSI\">SSR Svizzera Italiana<\/a><\/p>\n<p><a href=\"https:\/\/www.srgd.ch\/regionen\/srg-ssr-svizra-rumantscha\/tgi-essan-nus\/organisaziun-e-gremis\/organ-da-mediaziun\/\">RTR<\/a><\/p>\n<p><a href=\"https:\/\/www.swissinfo.ch\/ger\/unabhaengige-beschwerdestelle_ombudsstelle\/34558980\">Swissinfo<\/a><\/p>\n<p><a href=\"https:\/\/www.ombudsman-rtv-priv.ch\/de\">Private Deutschschweiz<\/a><\/p>\n<p><a href=\"https:\/\/www.ombudsman-rtv-priv.ch\/fr\/\">Priv\u00e9es Suisse romande<\/a><\/p>\n<p><a href=\"https:\/\/www.ombudsman-rtv-priv.ch\/it\">Private Svizzera italiana<\/a><\/p>\n<p><a href=\"https:\/\/www.tamedia.ch\/de\/unternehmen\/organisation\/ombudsmann\/\">Tamedia Deutschschweiz<\/a><\/p>\n<p><a href=\"https:\/\/www.mediateur.tamedia.ch\/\">Tamedia romande<\/a><\/p>\n<p><a href=\"https:\/\/www.azmedien.ch\/unternehmen\/management\/ombudstelle.php\">AZ-Medien<\/a><\/p>\n<p><a href=\"https:\/\/www.luzernerzeitung.ch\/footer\/kontakt\/Kontakt;art399,1766\">Neue Luzerner Zeitung<\/a><\/p>\n<p><a href=\"https:\/\/www.ubi.admin.ch\/de\/index.htm\">UBI\u00a0Unabh\u00e4ngige Beschwerdeinstanz f\u00fcr Radio und Fernsehen<\/a><\/p>\n<p><a href=\"https:\/\/presserat.ch\/wp-content\/uploads\/2017\/07\/Brosch\u00fcre-Ombudsmann_D_Online.pdf\">Brosch\u00fcre &#8220;Die Klagemauern der Schweizer Medien&#8221;<\/a><\/p>\n<h3><\/h3>\n<h3>Partner<\/h3>\n<p><a href=\"http:\/\/www.aipce.net\"> Alliance of Independent Press Councils of Europe (AIPCE)<\/a><\/p>\n<p><a href=\"https:\/\/www.oeffentlichkeitsgesetz.ch\/deutsch\/\">Verein \u00d6ffentlichkeitsgesetz.ch<\/a><\/p>\n<p><a href=\"https:\/\/www.netzwerk-medienethik.de\">Netzwerk Medienethik <\/a><\/p>\n","protected":false},"excerpt":{"rendered":"<p>Tr\u00e4ger der Stiftung \u201eSchweizer Presserat\u201c Impressum SSM Syndicom Verein \u00abKonferenz der Chefredaktoren\u00bb Verband Schweizer Medien SRG SSR Medien-Ombudsstellen in der Schweiz SRG Deutschschweiz SSR Suisse Romande SSR Svizzera Italiana RTR Swissinfo Private Deutschschweiz Priv\u00e9es Suisse romande Private Svizzera italiana Tamedia Deutschschweiz Tamedia romande AZ-Medien Neue Luzerner Zeitung UBI\u00a0Unabh\u00e4ngige Beschwerdeinstanz f\u00fcr Radio und Fernsehen Brosch\u00fcre &#8220;Die &hellip; <a href=\"https:\/\/presserat.ch\/en\/der-presserat\/links\/\">Continued<\/a><\/p>\n","protected":false},"author":1,"featured_media":0,"parent":10741,"menu_order":0,"comment_status":"closed","ping_status":"closed","template":"","meta":{"footnotes":""},"class_list":["post-10756","page","type-page","status-publish","hentry"],"_links":{"self":[{"href":"https:\/\/presserat.ch\/en\/wp-json\/wp\/v2\/pages\/10756","targetHints":{"allow":["GET"]}}],"collection":[{"href":"https:\/\/presserat.ch\/en\/wp-json\/wp\/v2\/pages"}],"about":[{"href":"https:\/\/presserat.ch\/en\/wp-json\/wp\/v2\/types\/page"}],"author":[{"embeddable":true,"href":"https:\/\/presserat.ch\/en\/wp-json\/wp\/v2\/users\/1"}],"replies":[{"embeddable":true,"href":"https:\/\/presserat.ch\/en\/wp-json\/wp\/v2\/comments?post=10756"}],"version-history":[{"count":4,"href":"https:\/\/presserat.ch\/en\/wp-json\/wp\/v2\/pages\/10756\/revisions"}],"predecessor-version":[{"id":11264,"href":"https:\/\/presserat.ch\/en\/wp-json\/wp\/v2\/pages\/10756\/revisions\/11264"}],"up":[{"embeddable":true,"href":"https:\/\/presserat.ch\/en\/wp-json\/wp\/v2\/pages\/10741"}],"wp:attachment":[{"href":"https:\/\/presserat.ch\/en\/wp-json\/wp\/v2\/media?parent=10756"}],"curies":[{"name":"wp","href":"https:\/\/api.w.org\/{rel}","templated":true}]}}