{"id":10750,"date":"2017-04-05T15:07:51","date_gmt":"2017-04-05T13:07:51","guid":{"rendered":"https:\/\/presserat.ch\/der-presserat\/geschaeftsstelle\/"},"modified":"2025-10-09T13:51:28","modified_gmt":"2025-10-09T11:51:28","slug":"geschaeftsstelle","status":"publish","type":"page","link":"https:\/\/presserat.ch\/en\/der-presserat\/geschaeftsstelle\/","title":{"rendered":"Gesch\u00e4ftsstelle"},"content":{"rendered":"\n<div class=\"row\">\n<div class=\"col-sm-9\"><strong>Ursina Wey<\/strong> Leiterin Gesch\u00e4ftsstelle<br>Bern, Rechtsanw\u00e4ltin<\/div>\n<div class=\"col-sm-3\">&nbsp;<\/div>\n<\/div>\n\n\n\n<div class=\"row\">\n<div class=\"col-12\"><hr><\/div>\n<\/div>\n\n\n\n<div class=\"row\">\n<div class=\"col-sm-9\"><strong>Nicholas Bergundthal<\/strong> Mitarbeiter<\/div>\n<div class=\"col-sm-3\">&nbsp;<\/div>\n<\/div>\n\n\n\n<div class=\"row\">\n<div class=\"col-12\"><hr><\/div>\n<\/div>\n\n\n\n<p><strong>Gesch\u00e4ftsstelle Schweizer Presserat<\/strong><br>Postfach<br>3000 Bern 8<br><a class=\"\" href=\"mailto:info@presserat.ch\">info@presserat.ch<\/a><\/p>\n\n\n\n<p>Paketadresse:<br>Gesch\u00e4ftsstelle Schweizer Presserat<br>Postfiliale 3000 Bern<br>Kramgasse 1<br>3011 Bern<\/p>\n\n\n\n<p><a href=\"mailto:media@presserat.ch\">media@presserat.ch<\/a> (f\u00fcr Medienanfragen)<\/p>\n\n\n\n<p><a href=\"https:\/\/www.linkedin.com\/company\/102394717\/\">LinkedIn<\/a><\/p>\n\n\n\n<p><\/p>\n","protected":false},"excerpt":{"rendered":"<p>Ursina Wey Leiterin Gesch\u00e4ftsstelleBern, Rechtsanw\u00e4ltin &nbsp; Nicholas Bergundthal Mitarbeiter &nbsp; Gesch\u00e4ftsstelle Schweizer PresseratPostfach3000 Bern 8info@presserat.ch Paketadresse:Gesch\u00e4ftsstelle Schweizer PresseratPostfiliale 3000 BernKramgasse 13011 Bern media@presserat.ch (f\u00fcr Medienanfragen) LinkedIn<\/p>\n","protected":false},"author":1,"featured_media":0,"parent":10741,"menu_order":0,"comment_status":"closed","ping_status":"closed","template":"","meta":{"footnotes":""},"class_list":["post-10750","page","type-page","status-publish","hentry"],"_links":{"self":[{"href":"https:\/\/presserat.ch\/en\/wp-json\/wp\/v2\/pages\/10750","targetHints":{"allow":["GET"]}}],"collection":[{"href":"https:\/\/presserat.ch\/en\/wp-json\/wp\/v2\/pages"}],"about":[{"href":"https:\/\/presserat.ch\/en\/wp-json\/wp\/v2\/types\/page"}],"author":[{"embeddable":true,"href":"https:\/\/presserat.ch\/en\/wp-json\/wp\/v2\/users\/1"}],"replies":[{"embeddable":true,"href":"https:\/\/presserat.ch\/en\/wp-json\/wp\/v2\/comments?post=10750"}],"version-history":[{"count":17,"href":"https:\/\/presserat.ch\/en\/wp-json\/wp\/v2\/pages\/10750\/revisions"}],"predecessor-version":[{"id":20059,"href":"https:\/\/presserat.ch\/en\/wp-json\/wp\/v2\/pages\/10750\/revisions\/20059"}],"up":[{"embeddable":true,"href":"https:\/\/presserat.ch\/en\/wp-json\/wp\/v2\/pages\/10741"}],"wp:attachment":[{"href":"https:\/\/presserat.ch\/en\/wp-json\/wp\/v2\/media?parent=10750"}],"curies":[{"name":"wp","href":"https:\/\/api.w.org\/{rel}","templated":true}]}}