{"id":10744,"date":"2017-02-08T16:46:21","date_gmt":"2017-02-08T15:46:21","guid":{"rendered":"https:\/\/presserat.ch\/der-presserat\/finanzierung\/"},"modified":"2025-05-08T15:27:42","modified_gmt":"2025-05-08T13:27:42","slug":"finanzierung","status":"publish","type":"page","link":"https:\/\/presserat.ch\/en\/der-presserat\/finanzierung\/","title":{"rendered":"Finanzierung"},"content":{"rendered":"\n<p>Die Stiftungstr\u00e4ger finanzieren die Arbeit des Presserats mit j\u00e4hrlichen Beitr\u00e4gen. Die Beitr\u00e4ge im \u00dcberblick:<\/p>\n\n\n\n<ul class=\"wp-block-list\">\n<li>Impressum 48 000 Fr.<\/li>\n\n\n\n<li>SSM 36 000 Fr.<\/li>\n\n\n\n<li>Syndicom 24 000 Fr.<\/li>\n\n\n\n<li>Verein \u00abKonferenz der Chefredaktoren\u00bb 36 000 Fr.<\/li>\n\n\n\n<li>Verband \u00abSchweizer Medien\u00bb 36 000 Fr.<\/li>\n\n\n\n<li>SRG 36 000 Fr.<\/li>\n<\/ul>\n\n\n\n<p><\/p>\n\n\n\n<p>Zus\u00e4tzlich unterst\u00fctzt Ringier Medien Schweiz den Presserat j\u00e4hrlich mit 30 000 Franken.<\/p>\n\n\n\n<p><\/p>\n\n\n\n<p>2024 wird er zudem von folgenden Institutionen direkt unterst\u00fctzt: BAKOM, Volkart Stiftung, Fondation Leenards, Gottlieb und Hans Vogt Stiftung sowie der Stiftung Mercator Schweiz.<\/p>\n\n\n\n<p><strong>Zuwendungen an den <a href=\"https:\/\/presserat.ch\/goennerverein\/\">G\u00f6nnerinnen- und G\u00f6nnerverein Schweizer Presserat<\/a> sind sehr willkommen. <\/strong><\/p>\n\n\n\n<p><strong>Einzahlungen auf CH31 0900 0000 1626 2299 8 (G\u00f6nnerverein Schweizer Presserat)<br><\/strong><\/p>\n\n\n\n<p><\/p>\n","protected":false},"excerpt":{"rendered":"<p>Die Stiftungstr\u00e4ger finanzieren die Arbeit des Presserats mit j\u00e4hrlichen Beitr\u00e4gen. Die Beitr\u00e4ge im \u00dcberblick: Zus\u00e4tzlich unterst\u00fctzt Ringier Medien Schweiz den Presserat j\u00e4hrlich mit 30 000 Franken. 2024 wird er zudem von folgenden Institutionen direkt unterst\u00fctzt: BAKOM, Volkart Stiftung, Fondation Leenards, Gottlieb und Hans Vogt Stiftung sowie der Stiftung Mercator Schweiz. Zuwendungen an den G\u00f6nnerinnen- und &hellip; <a href=\"https:\/\/presserat.ch\/en\/der-presserat\/finanzierung\/\">Continued<\/a><\/p>\n","protected":false},"author":1,"featured_media":0,"parent":10741,"menu_order":0,"comment_status":"closed","ping_status":"closed","template":"","meta":{"footnotes":""},"class_list":["post-10744","page","type-page","status-publish","hentry"],"_links":{"self":[{"href":"https:\/\/presserat.ch\/en\/wp-json\/wp\/v2\/pages\/10744","targetHints":{"allow":["GET"]}}],"collection":[{"href":"https:\/\/presserat.ch\/en\/wp-json\/wp\/v2\/pages"}],"about":[{"href":"https:\/\/presserat.ch\/en\/wp-json\/wp\/v2\/types\/page"}],"author":[{"embeddable":true,"href":"https:\/\/presserat.ch\/en\/wp-json\/wp\/v2\/users\/1"}],"replies":[{"embeddable":true,"href":"https:\/\/presserat.ch\/en\/wp-json\/wp\/v2\/comments?post=10744"}],"version-history":[{"count":18,"href":"https:\/\/presserat.ch\/en\/wp-json\/wp\/v2\/pages\/10744\/revisions"}],"predecessor-version":[{"id":19742,"href":"https:\/\/presserat.ch\/en\/wp-json\/wp\/v2\/pages\/10744\/revisions\/19742"}],"up":[{"embeddable":true,"href":"https:\/\/presserat.ch\/en\/wp-json\/wp\/v2\/pages\/10741"}],"wp:attachment":[{"href":"https:\/\/presserat.ch\/en\/wp-json\/wp\/v2\/media?parent=10744"}],"curies":[{"name":"wp","href":"https:\/\/api.w.org\/{rel}","templated":true}]}}